{"id":2468,"date":"2017-10-01T12:31:41","date_gmt":"2017-10-01T10:31:41","guid":{"rendered":"http:\/\/www.dinamicassd.it\/susa\/?page_id=2468"},"modified":"2023-08-21T18:52:39","modified_gmt":"2023-08-21T16:52:39","slug":"informativa-privacy","status":"publish","type":"page","link":"https:\/\/www.dinamicassd.it\/susa\/informativa-privacy\/","title":{"rendered":"Informativa Privacy"},"content":{"rendered":"<p>[et_pb_section fb_built=&#8221;1&#8243; _builder_version=&#8221;4.16&#8243; global_colors_info=&#8221;{}&#8221;][et_pb_row _builder_version=&#8221;4.16&#8243; background_size=&#8221;initial&#8221; background_position=&#8221;top_left&#8221; background_repeat=&#8221;repeat&#8221; global_colors_info=&#8221;{}&#8221;][et_pb_column type=&#8221;4_4&#8243; _builder_version=&#8221;4.16&#8243; custom_padding=&#8221;|||&#8221; global_colors_info=&#8221;{}&#8221; custom_padding__hover=&#8221;|||&#8221;][et_pb_text _builder_version=&#8221;4.22.1&#8243; _module_preset=&#8221;default&#8221; hover_enabled=&#8221;0&#8243; sticky_enabled=&#8221;0&#8243;]<\/p>\n<h1 class=\"p2\">INFORMATIVA resa ai sensi degli Art. 13-14 del Regolamento UE 679\/2016<\/h1>\n<p class=\"p2\">Ai sensi dell\u2019art.13-14 del Regolamento UE 679\/2016 ed in relazione alle informazioni di cui si entrer\u00e0 in possesso, ai fini della tutela delle persone e altri soggetti in maniera di trattamento di dati personali, si informa quanto segue:<\/p>\n<p class=\"p2\">1.1 TITOLARE DEL TRATTAMENTO<\/p>\n<p class=\"p2\">Il titolare e responsabile del trattamento dei dati \u00e8 S.S.D. DINAMICA a R.L. (in seguito denominata Societ\u00e0) con sede legale in C.so Stati Uniti, 33 C.A.P. 10059 Susa (To) nella persona del suo Presidente.<\/p>\n<p class=\"p2\">2.1 FINALITA\u2019 DEL TRATTAMENTO di cui all\u2019art. 13-14 del Regolamento UE 679\/2016<\/p>\n<p class=\"p2\">Il trattamento a cui saranno sottoposti i dati personali richiesti, anche sensibili, \u00e8 diretto all\u2019espletamento delle finalit\u00e0 istituzionali attinenti all\u2019esercizio delle attivit\u00e0 della Societ\u00e0 e di quelle ad esse connesse nonch\u00e9 adempimenti dei vigenti obblighi amministrativi, contabili, fiscali e consentire all\u2019invio di comunicazioni tamite messaggi, telefonate, mail.<\/p>\n<p class=\"p2\">Pertanto il rifiuto a fornire i dati personali minimi richiesti o il diniego al loro trattamento comporta l\u2019impossibilit\u00e0 di procedere al perfezionamento del contratto e, di conseguenza, l\u2019impossibilit\u00e0 di fruire dei servizi della Societ\u00e0 stessa.<\/p>\n<p class=\"p2\">3.1 DIRITTI DELL\u2019INTERESSATO di cui gli art. 15-16-17-18-19-20-21-22-23-24 del regolamento UE n.679\/2016<\/p>\n<p class=\"p3\">1. L\u2019interessato ha diritto di ottenere la conferma dell\u2019esistenza o meno dei dati personali che lo riguardano, anche se non ancora registrati, e la loro comunicazione in forma intelligibile.<\/p>\n<p class=\"p3\">2. L\u2019interessato ha diritto di ottenere l\u2019indicazione:<\/p>\n<p class=\"p3\">a) dell\u2019origine dei dati personali;<\/p>\n<p class=\"p3\">b) delle finalit\u00e0 e delle modalit\u00e0 del trattamento;<\/p>\n<p class=\"p3\">c) della logica applicata in caso di trattamento effettuato con l\u2019ausilio di strumenti elettronici;<\/p>\n<p class=\"p3\">d) degli estremi identificativi del titolare, dei responsabili e del rappresentante designato;<\/p>\n<p class=\"p3\">e) dei soggetti o delle categorie di soggetti ai quali i dati personali possono essere comunicati o che possono venirne a conoscenza in qualit\u00e0 di rappresentante designato nel territorio dello Stato, di responsabili o incaricati.<\/p>\n<ol class=\"ol1\">\n<li style=\"list-style-type: none;\">\n<ol class=\"ol2\">\n<li class=\"li4\">3. L\u2019interessato ha diritto di ottenere: a) l\u2019aggiornamento, la rettificazione ovvero, quando vi ha interesse, l\u2019integrazione dei dati;<\/li>\n<li class=\"li4\">b) la cancellazione, la trasformazione in forma anonima o il blocco dei dati trattati in violazione di legge, compresi quelli di cui non \u00e8 necessaria la conservazione in relazione agli scopi per i quali i dati sono stati raccolti o successivamente trattati;<\/li>\n<li class=\"li2\">c) l\u2019attestazione e le operazioni di cui alle lettere a) e b) sono state portate a conoscenza, anche per quanto riguarda il loro contenuto, di coloro ai quali i dati sono stati comunicati o diffusi, eccettuato il caso in cui tale adempimento si rivela impossibile o comporta un impiego di mezzi manifestamente sproporzionato rispetto al diritto tutelato.<\/li>\n<li class=\"li5\">&nbsp;<\/li>\n<li class=\"li3\">4. L\u2019interessato ha diritto di opporsi, in tutto o in parte: a) per motivi legittimi al trattamento dei dati personali che lo riguardano, ancorch\u00e9 pertinenti allo scopo della raccolta;<\/li>\n<li class=\"li3\">b) al trattamento dei dati personali che lo riguardano ai fini di invio di materiale pubblicitario o di vendita diretta o per il compimento di ricerche di mercato o di comunicazione commerciale.<\/li>\n<li class=\"li2\">c) Pu\u00f2 esercitare i Sui diritti con richiesta scritta inviata a S.S.D. DINAMICA a R.L, all\u2019indirizzo postale della sede legale, all\u2019indirizzo mail <span class=\"s2\">amministrazione@dinamicassd.it <\/span>o via PEC dinamicassdarl@pec.it<\/li>\n<li class=\"li5\">&nbsp;<\/li>\n<\/ol>\n<\/li>\n<\/ol>\n<p class=\"p2\">4.1 MODALITA\u2019 DEL TRATTAMENTO<\/p>\n<p class=\"p2\">Il trattamento sar\u00e0 effettuato con sistemi manuali ed automatizzati atti a memorizzare, gestire e trasmettere i dati, con logiche strettamente correlate alle finalit\u00e0 stesse, sulla base dei dati in nostro possesso e con l\u2019impegno da parte Sua di comunicarci tempestivamente eventuali correzioni, integrazioni e\/o aggiornamenti.<\/p>\n<p class=\"p2\">I dati sono conservati presso la sede operativa della nostra societ\u00e0 o presso i singoli impianti per il tempo prescritto dalle norme civilistiche e fiscali.<\/p>\n<p class=\"p2\">5.1 COMUNICAZIONE DEI DATI<\/p>\n<p class=\"p2\">I Suoi dati potranno essere comunicati:<\/p>\n<ol class=\"ol2\">\n<li class=\"li4\">a) a tutti i soggetti cui la facolt\u00e0 di accesso \u00e8 riconosciuta in forza di provvedimenti normativi;<\/li>\n<li class=\"li2\">b) ai nostri collaboratori, dipendenti, agenti e fornitori, nell\u2019ambito delle relative mansioni o in forza di specifici obblighi contrattuali inerenti i rapporti commerciali con essi intrattenuti; a tutti i soggetti giuridici e\/o a persone fisiche qualora la comunicazione risulti correlata alla nostra operativit\u00e0 e sia funzionale al suo naturale svolgimento.<\/li>\n<\/ol>\n<p class=\"p2\">6.1 FINALITA\u2019 DI INVIO DEL MATERIALE PUBBLICITARIO A TERZI E CONSENSO<\/p>\n<p class=\"p2\">Alcuni suoi dati (nominativo, indirizzo email\/domicilio\/discipline di competenza, ecc.), previo espresso e specifico consenso, potranno essere comunicati a terzi anche per finalit\u00e0 di studio, per indagini di mercato e sondaggi, per scopi commerciali o promozionali, attivit\u00e0 di marketing, gestionali, statistiche o vendita diretta, per rilevazioni di customer satisfaction .<\/p>\n<p class=\"p2\">Tali soggetti (ivi compresi societ\u00e0 di vendita e comunicazione a distanza) potranno contattarla anche attraverso mezzi automatici senza operatore (fax, messaggi di posta elettronica, sms, ecc.)<\/p>\n<p class=\"p2\">Anche in questo caso il titolare del trattamento \u00e8 il Presidente della Societ\u00e0 a cui potr\u00e0, in qualsiasi momento, richiedere la cancellazione, la modifica o l\u2019aggiornamento dei dati.<\/p>\n<p class=\"p2\">Si ricorda altres\u00ec che:<\/p>\n<p class=\"p2\"><span class=\"s3\">\u27a2 <\/span>(a) Il Suo nominativo e\/o Suo marchio e\/o Suo logo potranno essere utilizzati come referenza commerciale;<\/p>\n<p class=\"p2\"><span class=\"s3\">\u27a2 <\/span>(b) Il Suo nominativo e\/o il Suo marchio e\/o Suo logo potranno essere pubblicati sul nostro sito Internet, in brochure pubblicitarie\/promozionali; in articoli e redazionali su giornali e riviste, immagini e video.<\/p>\n<p>[\/et_pb_text][et_pb_text _builder_version=&#8221;4.16&#8243; background_size=&#8221;initial&#8221; background_position=&#8221;top_left&#8221; background_repeat=&#8221;repeat&#8221; hover_enabled=&#8221;0&#8243; global_colors_info=&#8221;{}&#8221; sticky_enabled=&#8221;0&#8243;]<div class='w3eden'>\n<div class=\"panel panel-default\">\n    <div class=\"panel-body\">\n \n    <div class=\"media\">\n        <div class=\"pull-left\"><img decoding=\"async\" class=\"wpdm_icon\" alt=\"Icona\"   src=\"https:\/\/www.dinamicassd.it\/susa\/wp-content\/plugins\/download-manager\/assets\/file-type-icons\/pdf.png\" \/><\/div>\n        <div class=\"media-body\"><strong class=\"ptitle\"><a href=\"https:\/\/www.dinamicassd.it\/susa\/download\/informativa-sulla-privacy\/?wpdmdl=2469&refresh=69de1e6041f871776164448\">Informativa sulla Privacy<\/a><\/strong>\n            <p>Scarica il documento dell'informativa sulla Privacy del trattamento dei dati.<\/p>\n\n            <div><strong><a class='wpdm-download-link download-on-click btn btn-primary '  rel='nofollow' href='#' data-downloadurl=\"https:\/\/www.dinamicassd.it\/susa\/download\/informativa-sulla-privacy\/?wpdmdl=2469&refresh=69de1e6041f871776164448\">Download<\/a><\/strong><\/div>\n        <\/div>\n    <\/div>\n \n \n    <\/div>\n    <div class=\"panel-footer\"><span class=\"pull-right\">5013 downloads<\/span>577.64 KB<\/div>\n<\/div><\/div><br \/>\n[\/et_pb_text][\/et_pb_column][\/et_pb_row][\/et_pb_section]<\/p>\n","protected":false},"excerpt":{"rendered":"<p>INFORMATIVA resa ai sensi degli Art. 13-14 del Regolamento UE 679\/2016 Ai sensi dell\u2019art.13-14 del Regolamento UE 679\/2016 ed in relazione alle informazioni di cui si entrer\u00e0 in possesso, ai fini della tutela delle persone e altri soggetti in maniera di trattamento di dati personali, si informa quanto segue: 1.1 TITOLARE DEL TRATTAMENTO Il titolare [&hellip;]<\/p>\n","protected":false},"author":1,"featured_media":0,"parent":0,"menu_order":0,"comment_status":"closed","ping_status":"closed","template":"","meta":{"_et_pb_use_builder":"on","_et_pb_old_content":"<p>[wpdm_package id='2469']<\/p>","_et_gb_content_width":"","ngg_post_thumbnail":0,"footnotes":""},"class_list":["post-2468","page","type-page","status-publish","hentry"],"_links":{"self":[{"href":"https:\/\/www.dinamicassd.it\/susa\/wp-json\/wp\/v2\/pages\/2468","targetHints":{"allow":["GET"]}}],"collection":[{"href":"https:\/\/www.dinamicassd.it\/susa\/wp-json\/wp\/v2\/pages"}],"about":[{"href":"https:\/\/www.dinamicassd.it\/susa\/wp-json\/wp\/v2\/types\/page"}],"author":[{"embeddable":true,"href":"https:\/\/www.dinamicassd.it\/susa\/wp-json\/wp\/v2\/users\/1"}],"replies":[{"embeddable":true,"href":"https:\/\/www.dinamicassd.it\/susa\/wp-json\/wp\/v2\/comments?post=2468"}],"version-history":[{"count":3,"href":"https:\/\/www.dinamicassd.it\/susa\/wp-json\/wp\/v2\/pages\/2468\/revisions"}],"predecessor-version":[{"id":51201,"href":"https:\/\/www.dinamicassd.it\/susa\/wp-json\/wp\/v2\/pages\/2468\/revisions\/51201"}],"wp:attachment":[{"href":"https:\/\/www.dinamicassd.it\/susa\/wp-json\/wp\/v2\/media?parent=2468"}],"curies":[{"name":"wp","href":"https:\/\/api.w.org\/{rel}","templated":true}]}}