{"id":2460,"date":"2017-10-01T10:04:52","date_gmt":"2017-10-01T08:04:52","guid":{"rendered":"http:\/\/www.dinamicassd.it\/susa\/?page_id=2460"},"modified":"2022-05-02T14:07:07","modified_gmt":"2022-05-02T12:07:07","slug":"modulo-iscrizione","status":"publish","type":"page","link":"https:\/\/www.dinamicassd.it\/susa\/modulo-iscrizione\/","title":{"rendered":"Modulo Iscrizione"},"content":{"rendered":"<p>[et_pb_section fb_built=&#8221;1&#8243; admin_label=&#8221;section&#8221; _builder_version=&#8221;4.17.3&#8243; global_colors_info=&#8221;{}&#8221;][et_pb_row admin_label=&#8221;row&#8221; _builder_version=&#8221;4.17.3&#8243; background_size=&#8221;initial&#8221; background_position=&#8221;top_left&#8221; background_repeat=&#8221;repeat&#8221; hover_enabled=&#8221;0&#8243; global_colors_info=&#8221;{}&#8221; sticky_enabled=&#8221;0&#8243;][et_pb_column type=&#8221;4_4&#8243; _builder_version=&#8221;4.16&#8243; custom_padding=&#8221;|||&#8221; global_colors_info=&#8221;{}&#8221; custom_padding__hover=&#8221;|||&#8221;][et_pb_text admin_label=&#8221;Text&#8221; _builder_version=&#8221;4.17.3&#8243; background_size=&#8221;initial&#8221; background_position=&#8221;top_left&#8221; background_repeat=&#8221;repeat&#8221; hover_enabled=&#8221;0&#8243; global_colors_info=&#8221;{}&#8221; sticky_enabled=&#8221;0&#8243;]<\/p>\n<p>Il modulo necessario per l&#8217;iscrizione alle attivit\u00e0 della Piscina di Susa, \u00e8 possibile scaricarlo e compilarlo in tutta tranquillit\u00e0 a casa per evitare inutili perdite di tempo in piscina al momento dell&#8217;iscrizione.<\/p>\n<div class='w3eden'>\n<div class=\"panel panel-default\">\n    <div class=\"panel-body\">\n \n    <div class=\"media\">\n        <div class=\"pull-left\"><img decoding=\"async\" class=\"wpdm_icon\" alt=\"Icona\"   src=\"https:\/\/www.dinamicassd.it\/susa\/wp-content\/plugins\/download-manager\/assets\/file-type-icons\/pdf.png\" \/><\/div>\n        <div class=\"media-body\"><strong class=\"ptitle\"><a href=\"https:\/\/www.dinamicassd.it\/susa\/download\/modulo-discrizione\/?wpdmdl=50241&refresh=69f03dc3b764f1777352131\">Modulo d'iscrizione<\/a><\/strong>\n            <p>Scarica il modulo d'iscrizione&nbsp;<\/p>\n\n            <div><strong><a class='wpdm-download-link download-on-click btn btn-primary '  rel='nofollow' href='#' data-downloadurl=\"https:\/\/www.dinamicassd.it\/susa\/download\/modulo-discrizione\/?wpdmdl=50241&refresh=69f03dc3b764f1777352131\">Download<\/a><\/strong><\/div>\n        <\/div>\n    <\/div>\n \n \n    <\/div>\n    <div class=\"panel-footer\"><span class=\"pull-right\">4496 downloads<\/span>359.58 KB<\/div>\n<\/div><\/div>\n<p>&nbsp;<\/p>\n<p>[\/et_pb_text][\/et_pb_column][\/et_pb_row][\/et_pb_section]<\/p>\n","protected":false},"excerpt":{"rendered":"<p>Il modulo necessario per l&#8217;iscrizione alle attivit\u00e0 della Piscina di Susa, \u00e8 possibile scaricarlo e compilarlo in tutta tranquillit\u00e0 a casa per evitare inutili perdite di tempo in piscina al momento dell&#8217;iscrizione. <div class='w3eden'>\n<div class=\"panel panel-default\">\n    <div class=\"panel-body\">\n \n    <div class=\"media\">\n        <div class=\"pull-left\"><img decoding=\"async\" class=\"wpdm_icon\" alt=\"Icona\"   src=\"https:\/\/www.dinamicassd.it\/susa\/wp-content\/plugins\/download-manager\/assets\/file-type-icons\/pdf.png\" \/><\/div>\n        <div class=\"media-body\"><strong class=\"ptitle\"><a href=\"https:\/\/www.dinamicassd.it\/susa\/download\/modulo-discrizione\/?wpdmdl=50241&refresh=69f03dc40643e1777352132\">Modulo d'iscrizione<\/a><\/strong>\n            <p>Scarica il modulo d'iscrizione&nbsp;<\/p>\n\n            <div><strong><a class='wpdm-download-link download-on-click btn btn-primary '  rel='nofollow' href='#' data-downloadurl=\"https:\/\/www.dinamicassd.it\/susa\/download\/modulo-discrizione\/?wpdmdl=50241&refresh=69f03dc40643e1777352132\">Download<\/a><\/strong><\/div>\n        <\/div>\n    <\/div>\n \n \n    <\/div>\n    <div class=\"panel-footer\"><span class=\"pull-right\">4496 downloads<\/span>359.58 KB<\/div>\n<\/div><\/div> &nbsp;<\/p>\n","protected":false},"author":1,"featured_media":0,"parent":0,"menu_order":0,"comment_status":"closed","ping_status":"closed","template":"","meta":{"_et_pb_use_builder":"on","_et_pb_old_content":"Il modulo necessario per l'iscrizione alle attivit\u00e0 della Piscina di Susa, \u00e8 possibile scaricarlo e compilarlo in tutta tranquillit\u00e0 a casa per evitare inutili perdite di tempo in piscina al momento dell'iscrizione.\r\n\r\n[wpdm_package id='2791']","_et_gb_content_width":"","ngg_post_thumbnail":0,"footnotes":""},"class_list":["post-2460","page","type-page","status-publish","hentry"],"_links":{"self":[{"href":"https:\/\/www.dinamicassd.it\/susa\/wp-json\/wp\/v2\/pages\/2460","targetHints":{"allow":["GET"]}}],"collection":[{"href":"https:\/\/www.dinamicassd.it\/susa\/wp-json\/wp\/v2\/pages"}],"about":[{"href":"https:\/\/www.dinamicassd.it\/susa\/wp-json\/wp\/v2\/types\/page"}],"author":[{"embeddable":true,"href":"https:\/\/www.dinamicassd.it\/susa\/wp-json\/wp\/v2\/users\/1"}],"replies":[{"embeddable":true,"href":"https:\/\/www.dinamicassd.it\/susa\/wp-json\/wp\/v2\/comments?post=2460"}],"version-history":[{"count":3,"href":"https:\/\/www.dinamicassd.it\/susa\/wp-json\/wp\/v2\/pages\/2460\/revisions"}],"predecessor-version":[{"id":50916,"href":"https:\/\/www.dinamicassd.it\/susa\/wp-json\/wp\/v2\/pages\/2460\/revisions\/50916"}],"wp:attachment":[{"href":"https:\/\/www.dinamicassd.it\/susa\/wp-json\/wp\/v2\/media?parent=2460"}],"curies":[{"name":"wp","href":"https:\/\/api.w.org\/{rel}","templated":true}]}}