{"id":2298,"date":"2017-09-03T11:32:09","date_gmt":"2017-09-03T09:32:09","guid":{"rendered":"http:\/\/www.dinamicassd.it\/susa\/?page_id=2298"},"modified":"2018-08-29T13:30:55","modified_gmt":"2018-08-29T11:30:55","slug":"visite-mediche","status":"publish","type":"page","link":"https:\/\/www.dinamicassd.it\/susa\/visite-mediche\/","title":{"rendered":"Certificato medico di buona salute"},"content":{"rendered":"<h3><span class=\"fs20 ff1 cf4\">CERTIFICATI PER L\u2019ATTIVIT\u00c0 SPORTIVA NON AGONISTICA:<\/span><\/h3>\n<p><span class=\"cf1 fs20 ff1\"><br \/>\nLe persone che svolgono attivit\u00e0 organizzate dal Coni o da societ\u00e0 affiliate alle Federazioni o agli Enti di promozione sportiva che non siano considerati atleti agonisti devono sottoporsi a un controllo medico annuale effettuato da un medico di medicina generale, un pediatra di libera scelta o un medico dello sport che potr\u00e0 a sua discrezione prescrivere ulteriori esami clinici, come l&#8217;elettrocardiogramma.<br \/>\nIl certificato dovr\u00e0 essere consegnato all\u2019atto dell\u2019iscrizione o di avvio delle attivit\u00e0 all\u2019incaricato della struttura, in originale o eventualmente &nbsp;in &nbsp;copia autenticata dal medico che ha effettuato la visita stessa.<\/span><\/p>\n<p><img loading=\"lazy\" decoding=\"async\" class=\"aligncenter size-large wp-image-2644\" src=\"https:\/\/www.dinamicassd.it\/susa\/wp-content\/uploads\/2018\/05\/COMUNICAZIONE-PER-UTENZA-CERTIFICATI-MEDICI-0-6-ANNI-e1527768877248-1024x724.jpg\" alt=\"\" width=\"1024\" height=\"724\" srcset=\"https:\/\/www.dinamicassd.it\/susa\/wp-content\/uploads\/2018\/05\/COMUNICAZIONE-PER-UTENZA-CERTIFICATI-MEDICI-0-6-ANNI-e1527768877248-1024x724.jpg 1024w, https:\/\/www.dinamicassd.it\/susa\/wp-content\/uploads\/2018\/05\/COMUNICAZIONE-PER-UTENZA-CERTIFICATI-MEDICI-0-6-ANNI-e1527768877248-300x212.jpg 300w, https:\/\/www.dinamicassd.it\/susa\/wp-content\/uploads\/2018\/05\/COMUNICAZIONE-PER-UTENZA-CERTIFICATI-MEDICI-0-6-ANNI-e1527768877248-768x543.jpg 768w, https:\/\/www.dinamicassd.it\/susa\/wp-content\/uploads\/2018\/05\/COMUNICAZIONE-PER-UTENZA-CERTIFICATI-MEDICI-0-6-ANNI-e1527768877248-400x284.jpg 400w, https:\/\/www.dinamicassd.it\/susa\/wp-content\/uploads\/2018\/05\/COMUNICAZIONE-PER-UTENZA-CERTIFICATI-MEDICI-0-6-ANNI-e1527768877248-1080x763.jpg 1080w, https:\/\/www.dinamicassd.it\/susa\/wp-content\/uploads\/2018\/05\/COMUNICAZIONE-PER-UTENZA-CERTIFICATI-MEDICI-0-6-ANNI-e1527768877248-20x14.jpg 20w, https:\/\/www.dinamicassd.it\/susa\/wp-content\/uploads\/2018\/05\/COMUNICAZIONE-PER-UTENZA-CERTIFICATI-MEDICI-0-6-ANNI-e1527768877248.jpg 1654w\" sizes=\"(max-width: 1024px) 100vw, 1024px\" \/><\/p>\n<div class='w3eden'>\n<div class=\"panel panel-default\">\n    <div class=\"panel-body\">\n \n    <div class=\"media\">\n        <div class=\"pull-left\"><img decoding=\"async\" class=\"wpdm_icon\" alt=\"Icona\"   src=\"https:\/\/www.dinamicassd.it\/susa\/wp-content\/plugins\/download-manager\/assets\/file-type-icons\/pdf.png\" \/><\/div>\n        <div class=\"media-body\"><strong class=\"ptitle\"><a href=\"https:\/\/www.dinamicassd.it\/susa\/download\/decreto-del-ministero-della-salute-per-lesclusione-della-certificazione-dei-bambini-fino-a-6-anni\/?wpdmdl=2638&refresh=69f02940106f01777346880\">Decreto del Ministero della Salute per l'esclusione della certificazione dei bambini fino a 6 anni<\/a><\/strong>\n            <p>Scarica il Decreto del Ministro della Salute di concerto con il Ministro dello Sport - esclusione obbligo della certificazione medica per l'esercizio attivit\u00e0 sportiva in et\u00e0 prescolare dei bambini da zero a sei anni.<\/p>\n\n            <div><strong><a class='wpdm-download-link download-on-click btn btn-primary '  rel='nofollow' href='#' data-downloadurl=\"https:\/\/www.dinamicassd.it\/susa\/download\/decreto-del-ministero-della-salute-per-lesclusione-della-certificazione-dei-bambini-fino-a-6-anni\/?wpdmdl=2638&refresh=69f02940106f01777346880\">Download<\/a><\/strong><\/div>\n        <\/div>\n    <\/div>\n \n \n    <\/div>\n    <div class=\"panel-footer\"><span class=\"pull-right\">8110 downloads<\/span>1.28 MB<\/div>\n<\/div><\/div>\n<div class='w3eden'>\n<div class=\"panel panel-default\">\n    <div class=\"panel-body\">\n \n    <div class=\"media\">\n        <div class=\"pull-left\"><img decoding=\"async\" class=\"wpdm_icon\" alt=\"Icona\"   src=\"https:\/\/www.dinamicassd.it\/susa\/wp-content\/plugins\/download-manager\/assets\/file-type-icons\/pdf.png\" \/><\/div>\n        <div class=\"media-body\"><strong class=\"ptitle\"><a href=\"https:\/\/www.dinamicassd.it\/susa\/download\/autocertificazione-dello-stato-di-buona-salute-per-bambini-in-eta-pre-scolare-da-0-a-6-anni\/?wpdmdl=2640&refresh=69f029402c39d1777346880\">Autocertificazione dello Stato di  Buona Salute per bambini in et\u00e0 pre scolare da 0 a 6 anni<\/a><\/strong>\n            <p>Scarica il modulo necessario da compilare per l'Autocertificazione dello stato di Buona Salute per i bambini fino a 6 anni<\/p>\n\n            <div><strong><a class='wpdm-download-link download-on-click btn btn-primary '  rel='nofollow' href='#' data-downloadurl=\"https:\/\/www.dinamicassd.it\/susa\/download\/autocertificazione-dello-stato-di-buona-salute-per-bambini-in-eta-pre-scolare-da-0-a-6-anni\/?wpdmdl=2640&refresh=69f029402c39d1777346880\">Download<\/a><\/strong><\/div>\n        <\/div>\n    <\/div>\n \n \n    <\/div>\n    <div class=\"panel-footer\"><span class=\"pull-right\">12234 downloads<\/span>118.13 KB<\/div>\n<\/div><\/div>\n<p>&nbsp;<\/p>\n<h3><span class=\"cf1 fs20 ff1\"><br \/>\n<\/span><span class=\"cf4 fs20 ff1\"><span class=\"cb3\"><br \/>\n<\/span><\/span><span class=\"cb2 cf4 fs20 ff1\">CERTIFICATI PER L\u2019ATTIVIT\u00c0 SPORTIVA AGONISTICA:<\/span><\/h3>\n<p><span class=\"cf1 cb2 fs20 ff1\"><br \/>\nRegole pi\u00f9 stringenti sono previste per chi partecipa ad attivit\u00e0 ad elevato impegno cardiovascolare come il nuoto agonistico e in questo caso verranno effettuati accertamenti supplementari in un centro di medicina dello sport.<\/span><\/p>\n<p><span class=\"cf3\">Non sono tenuti all\u2019obbligo della certificazione le persone che svolgono attivit\u00e0 amatoriale occasionale o saltuario, chi la svolge in forma autonoma e al di fuori di contesti organizzati (ingresso nuoto libero). &nbsp;A tutte queste persone \u00e8 comunque raccomandato un controllo medico prima dell\u2019avvio dell\u2019attivit\u00e0.<\/span><\/p>\n<p>&nbsp;<\/p>\n<p><span class=\"ff1 cf3 fs28\">In risposta alla richiesta di chiarimenti sull&#8217;applicazione delle nuove norme contenute nella&nbsp;<\/span><span class=\"cf4 ff1 fs28\"><span class=\"imUl\"><a class=\"imCssLink\" href=\"http:\/\/www.trovanorme.salute.gov.it\/norme\/dettaglioAtto?id=47068\" target=\"_blank\" rel=\"noopener\">legge 98 del 9 agosto 2013<\/a><\/span><\/span><span class=\"cf3 ff1 fs28\">&nbsp;in merito alla certificazione sportiva non agonistica e a quella per l\u2019attivit\u00e0 ludico motoria amatoriale, il Ministero della salute in una nota alla Federazione italiana medici di famiglia conferma l\u2019abolizione dei certificati per attivit\u00e0 ludico motoria-<wbr>amatoriale e dei conseguenti accertamenti diagnostici richiesti dalla normativa abrogata.<\/span><span class=\"cf4 ff1 fs28\"><br \/>\n<span class=\"imUl\"><a class=\"imCssLink\" href=\"http:\/\/www.salute.gov.it\/portale\/news\/p3_2_1_1_1.jsp?lingua=italiano&amp;menu=notizie&amp;p=dalministero&amp;id=1272\" target=\"_blank\" rel=\"noopener\">Rimane l&#8217;obbligo della certificazione per l\u2019attivit\u00e0 sportiva non agonistica che si intende solo riferita alle attivit\u00e0 sportive parascolastiche e a quelle appartenenti a Federazioni nazionali sportive che fanno capo al Coni.<\/a><\/span><br \/>\n<\/span><span class=\"cf3 ff1 fs28\">L&#8217;esecuzione di ulteriori accertamenti, come l&#8217;elettrocardiogramma, per la valutazione clinica delle condizioni del paziente rimane alla discrezionalit\u00e0 professionale del medico certificatore.<\/span><\/p>\n<div class='w3eden'>\n<div class=\"panel panel-default\">\n    <div class=\"panel-body\">\n \n    <div class=\"media\">\n        <div class=\"pull-left\"><img decoding=\"async\" class=\"wpdm_icon\" alt=\"Icona\"   src=\"https:\/\/www.dinamicassd.it\/susa\/wp-content\/plugins\/download-manager\/assets\/file-type-icons\/pdf.png\" \/><\/div>\n        <div class=\"media-body\"><strong class=\"ptitle\"><a href=\"https:\/\/www.dinamicassd.it\/susa\/download\/chiarimenti-del-ministero-della-salute-sui-certificati-medici-non-agonistici\/?wpdmdl=2370&amp;refresh=69f0294044cd81777346880\">Chiarimenti del Ministero della Salute sui certificati medici non agonistici<\/a><\/strong>\n            <p>Scarica il documento che riguarda i chiarimenti del Ministero della Salute sui certificati medici non agonistici<\/p>\n\n            <div><strong><a class='wpdm-download-link download-on-click btn btn-primary '  rel='nofollow' href='#' data-downloadurl=\"https:\/\/www.dinamicassd.it\/susa\/download\/chiarimenti-del-ministero-della-salute-sui-certificati-medici-non-agonistici\/?wpdmdl=2370&refresh=69f0294044cd81777346880\">Download<\/a><\/strong><\/div>\n        <\/div>\n    <\/div>\n \n \n    <\/div>\n    <div class=\"panel-footer\"><span class=\"pull-right\">9423 downloads<\/span>322.76 KB<\/div>\n<\/div><\/div>\n<p><span class=\"ff3 cf5 fs28\">Il Ministro della salute Beatrice Lorenzin ha firmato il&nbsp;<\/span><span class=\"cf4 ff3 fs28\"><span class=\"imUl\">decreto 8 agosto 2014<\/span><\/span><span class=\"cf5 ff3 fs28\">&nbsp;con \u201cLinee guida di indirizzo in materia &nbsp;di certificati medici per l\u2019attivit\u00e0 sportiva non agonistica\u201d. Il documento fa chiarezza proprio all\u2019inizio dei corsi e delle attivit\u00e0 parascolastiche sulla definizione di attivit\u00e0 sportiva non agonistica e dunque su chi deve fare i certificati, quali sono i medici certificatori, la periodicit\u00e0 dei controlli e la validit\u00e0 del certificato, gli esami clinici.&nbsp;<br \/>\nDisciplina infine per i medici il facsimile di certificato e definisce gli obblighi di conservazione della documentazione. Le linee guida non si applicano all\u2019attivit\u00e0 ludica e amatoriale, per le quali il certificato resta facoltativo e non obbligatorio, come stabilito dal Decreto legge 69 del 2013 e confermato da una nota interpretativa del Ministero.<br \/>\n<\/span><span class=\"cf4 ff3 fs28\"><span class=\"imUl\">Chi deve fare il certificato:<\/span><\/span><span class=\"cf5 ff3 fs28\"><br \/>\n\u2022 gli alunni che svolgono attivit\u00e0 fisico-<wbr>sportive parascolastiche, organizzate cio\u00e8 dalle scuole al di fuori dall&#8217;orario di lezione<br \/>\n\u2022 coloro che fanno sport presso societ\u00e0 affiliate alle Federazioni sportive nazionali e al Coni (ma che non siano considerati atleti agonisti)<br \/>\n\u2022 chi partecipa ai Giochi sportivi studenteschi nelle fasi precedenti a quella nazionale<br \/>\n<\/span><span class=\"cf4 ff3 fs28\"><span class=\"imUl\">Quali sono i medici certificatori:<\/span><\/span><span class=\"cf5 ff3 fs28\"><br \/>\n\u2022 il medico di medicina generale per i propri assistiti<br \/>\n\u2022 il pediatra di libera scelta per i propri assistiti<br \/>\n\u2022 il medico specialista in medicina dello sport ovvero i medici della Federazione medico-<wbr>sportiva italiana del Comitato olimpico nazionale italiano<br \/>\n<\/span><span class=\"cf4 ff3 fs28\"><span class=\"imUl\">Quando fare i controlli e quanto dura il certificato:<\/span><\/span><span class=\"cf5 ff3 fs28\"><br \/>\n\u2022 Il controllo deve essere annuale<br \/>\n\u2022 Il certificato ha validit\u00e0 annuale con decorrenza dalla data di rilascio<br \/>\n<\/span><span class=\"cf4 ff3 fs28\"><span class=\"imUl\">Quali esami clinici sono necessari:<\/span><\/span><span class=\"cf5 ff3 fs28\"><br \/>\n\u2022 Per ottenere il rilascio del certificato \u00e8 necessaria l&#8217;anamnesi e l&#8217;esame obiettivo con misurazione della pressione e di un elettrocardiogramma &nbsp;a riposo effettuato almeno una volta nella vita.<br \/>\n\u2022 Per chi ha superato i 60 anni di et\u00e0 associati ad alti fattori di rischio cardiovascolare, \u00e8 necessario un elettrocardiogramma basale debitamente refertato annualmente<br \/>\n\u2022 Anche per coloro che, a prescindere dall&#8217;et\u00e0, hanno patologie croniche conclamate che comportano un aumento del rischio cardiovascolare \u00e8 necessario un elettrocardiogramma basale debitamente refertato annualmente.<br \/>\n\u2022 Il medico pu\u00f2 prescrivere altri esami che ritiene necessari o il consulto di uno specialista<\/span><\/p>\n<p>Il decreto \u00e8 stato inviato alla Corte dei conti per la registrazione e sar\u00e0 poi pubblicato in Gazzetta Ufficiale.<\/p>\n<div class='w3eden'>\n<div class=\"panel panel-default\">\n    <div class=\"panel-body\">\n \n    <div class=\"media\">\n        <div class=\"pull-left\"><img decoding=\"async\" class=\"wpdm_icon\" alt=\"Icona\"   src=\"https:\/\/www.dinamicassd.it\/susa\/wp-content\/plugins\/download-manager\/assets\/file-type-icons\/pdf.png\" \/><\/div>\n        <div class=\"media-body\"><strong class=\"ptitle\"><a href=\"https:\/\/www.dinamicassd.it\/susa\/download\/linee-guida-del-ministero-della-salute-sui-certificati-medici\/?wpdmdl=2367&amp;refresh=69f029405b1331777346880\">Linee guida del Ministero della Salute sui certificati medici<\/a><\/strong>\n            <p>scarica le linee guida del Ministero della Salute sui certificati medici non agonistici<\/p>\n\n            <div><strong><a class='wpdm-download-link download-on-click btn btn-primary '  rel='nofollow' href='#' data-downloadurl=\"https:\/\/www.dinamicassd.it\/susa\/download\/linee-guida-del-ministero-della-salute-sui-certificati-medici\/?wpdmdl=2367&refresh=69f029405b1331777346880\">Download<\/a><\/strong><\/div>\n        <\/div>\n    <\/div>\n \n \n    <\/div>\n    <div class=\"panel-footer\"><span class=\"pull-right\">7480 downloads<\/span>179.25 KB<\/div>\n<\/div><\/div>\n<p>&nbsp;<\/p>\n","protected":false},"excerpt":{"rendered":"<p>CERTIFICATI PER L\u2019ATTIVIT\u00c0 SPORTIVA NON AGONISTICA: Le persone che svolgono attivit\u00e0 organizzate dal Coni o da societ\u00e0 affiliate alle Federazioni o agli Enti di promozione sportiva che non siano considerati atleti agonisti devono sottoporsi a un controllo medico annuale effettuato da un medico di medicina generale, un pediatra di libera scelta o un medico dello [&hellip;]<\/p>\n","protected":false},"author":1,"featured_media":0,"parent":0,"menu_order":0,"comment_status":"closed","ping_status":"closed","template":"","meta":{"_et_pb_use_builder":"","_et_pb_old_content":"","_et_gb_content_width":"","ngg_post_thumbnail":0,"footnotes":""},"class_list":["post-2298","page","type-page","status-publish","hentry"],"_links":{"self":[{"href":"https:\/\/www.dinamicassd.it\/susa\/wp-json\/wp\/v2\/pages\/2298","targetHints":{"allow":["GET"]}}],"collection":[{"href":"https:\/\/www.dinamicassd.it\/susa\/wp-json\/wp\/v2\/pages"}],"about":[{"href":"https:\/\/www.dinamicassd.it\/susa\/wp-json\/wp\/v2\/types\/page"}],"author":[{"embeddable":true,"href":"https:\/\/www.dinamicassd.it\/susa\/wp-json\/wp\/v2\/users\/1"}],"replies":[{"embeddable":true,"href":"https:\/\/www.dinamicassd.it\/susa\/wp-json\/wp\/v2\/comments?post=2298"}],"version-history":[{"count":3,"href":"https:\/\/www.dinamicassd.it\/susa\/wp-json\/wp\/v2\/pages\/2298\/revisions"}],"predecessor-version":[{"id":2797,"href":"https:\/\/www.dinamicassd.it\/susa\/wp-json\/wp\/v2\/pages\/2298\/revisions\/2797"}],"wp:attachment":[{"href":"https:\/\/www.dinamicassd.it\/susa\/wp-json\/wp\/v2\/media?parent=2298"}],"curies":[{"name":"wp","href":"https:\/\/api.w.org\/{rel}","templated":true}]}}