{"id":1865,"date":"2017-08-27T16:56:27","date_gmt":"2017-08-27T14:56:27","guid":{"rendered":"http:\/\/www.dinamicassd.it\/susa\/?page_id=1865"},"modified":"2025-05-23T22:31:57","modified_gmt":"2025-05-23T20:31:57","slug":"lezioni-private-nuoto","status":"publish","type":"page","link":"https:\/\/www.dinamicassd.it\/susa\/lezioni-private-nuoto\/","title":{"rendered":"Lezioni private di Nuoto"},"content":{"rendered":"<p>[et_pb_section fb_built=&#8221;1&#8243; fullwidth=&#8221;on&#8221; _builder_version=&#8221;4.16&#8243; global_colors_info=&#8221;{}&#8221;][et_pb_fullwidth_header title=&#8221;Lezioni Private di Nuoto&#8221; subhead=&#8221;Una valida alternativa ai corsi tradizionali&#8221; text_orientation=&#8221;center&#8221; content_max_width=&#8221;none&#8221; title_font_color=&#8221;#020472&#8243; subhead_font_color=&#8221;#ff2b23&#8243; _builder_version=&#8221;4.16&#8243; title_font=&#8221;Montserrat||||&#8221; title_text_color=&#8221;#FFFFFF&#8221; title_font_size=&#8221;60px&#8221; content_font_size=&#8221;23px&#8221; subhead_text_color=&#8221;#FFFFFF&#8221; subhead_font_size=&#8221;30px&#8221; background_color=&#8221;rgba(232,232,232,0.73)&#8221; background_image=&#8221;https:\/\/www.dinamicassd.it\/susa\/wp-content\/uploads\/2021\/03\/IMG_1579Trofeo-Dinamica_2019_Foto-di-Giulia-Mercandino.jpg&#8221; background_layout=&#8221;light&#8221; title_font_size_tablet=&#8221;30px&#8221; title_font_size_phone=&#8221;&#8221; title_font_size_last_edited=&#8221;on|desktop&#8221; content_font_size_tablet=&#8221;18px&#8221; content_font_size_phone=&#8221;&#8221; content_font_size_last_edited=&#8221;on|phone&#8221; subhead_font_size_tablet=&#8221;24px&#8221; subhead_font_size_phone=&#8221;18px&#8221; subhead_font_size_last_edited=&#8221;on|phone&#8221; button_one_letter_spacing_hover=&#8221;0&#8243; button_two_letter_spacing_hover=&#8221;0&#8243; global_colors_info=&#8221;{}&#8221; button_one_text_size__hover_enabled=&#8221;off&#8221; button_two_text_size__hover_enabled=&#8221;off&#8221; button_one_text_color__hover_enabled=&#8221;off&#8221; button_two_text_color__hover_enabled=&#8221;off&#8221; button_one_border_width__hover_enabled=&#8221;off&#8221; button_two_border_width__hover_enabled=&#8221;off&#8221; button_one_border_color__hover_enabled=&#8221;off&#8221; button_two_border_color__hover_enabled=&#8221;off&#8221; button_one_border_radius__hover_enabled=&#8221;off&#8221; button_two_border_radius__hover_enabled=&#8221;off&#8221; button_one_letter_spacing__hover_enabled=&#8221;on&#8221; button_one_letter_spacing__hover=&#8221;0&#8243; button_two_letter_spacing__hover_enabled=&#8221;on&#8221; button_two_letter_spacing__hover=&#8221;0&#8243; button_one_bg_color__hover_enabled=&#8221;off&#8221; button_two_bg_color__hover_enabled=&#8221;off&#8221;][\/et_pb_fullwidth_header][\/et_pb_section][et_pb_section fb_built=&#8221;1&#8243; _builder_version=&#8221;4.16&#8243; global_colors_info=&#8221;{}&#8221;][et_pb_row column_structure=&#8221;2_3,1_3&#8243; _builder_version=&#8221;4.16&#8243; background_size=&#8221;initial&#8221; background_position=&#8221;top_left&#8221; background_repeat=&#8221;repeat&#8221; global_colors_info=&#8221;{}&#8221;][et_pb_column type=&#8221;2_3&#8243; _builder_version=&#8221;4.16&#8243; custom_padding=&#8221;|||&#8221; global_colors_info=&#8221;{}&#8221; custom_padding__hover=&#8221;|||&#8221;][et_pb_text _builder_version=&#8221;4.16&#8243; background_color=&#8221;#fafafa&#8221; text_orientation=&#8221;justified&#8221; custom_padding=&#8221;10px|20px|10px|20px&#8221; border_width_all=&#8221;0px&#8221; border_color_all=&#8221;#161616&#8243; border_style_all=&#8221;solid&#8221; use_border_color=&#8221;on&#8221; border_color=&#8221;#161616&#8243; border_style=&#8221;solid&#8221; global_colors_info=&#8221;{}&#8221;]Le lezioni private di nuoto rappresentano un alternativa a tutti i corsi presenti in piscina e servono per venire incontro a esigenze particolari di orario, o a patologie personali che richiedono un approccio personalizzato e forzato. Il loro scopo quindi non \u00e8 quello di imparare pi\u00f9 in fretta o meglio (l&#8217;istruttore bravo ti insegna bene sia in privato sia in gruppo) ma quello di risolvere specifiche esigenze, se non sussistono queste caratteristiche \u00e8 meglio nuotare in gruppo nei corsi che probabilmente ci si diverte anche di pi\u00f9.<\/p>\n<p>E&#8217; chiaro che l&#8217;istruttore dedicato aiuta soprattutto durante le prime lezioni in caso di paure. Trovare un istruttore che ti fa sentire subito a tuo agio ti rende pi\u00f9 tranquillo e la tranquillit\u00e0 rende pi\u00f9 disponibile ad ascoltare e ad imparare. Tutto il lavoro svolto deve essere finalizzato a sconfiggere le paure per affrontare il mondo della piscina assieme a tutte le altre persone.<br \/>\n[\/et_pb_text][et_pb_image src=&#8221;https:\/\/www.dinamicassd.it\/susa\/wp-content\/uploads\/2025\/05\/8-LEZIONI-PRIVATE-rev-n\u00b015-01-06-25.jpg&#8221; title_text=&#8221;8-LEZIONI-PRIVATE-rev-n\u00b015-01-06-25&#8243; show_in_lightbox=&#8221;on&#8221; align_tablet=&#8221;center&#8221; align_phone=&#8221;&#8221; align_last_edited=&#8221;on|desktop&#8221; _builder_version=&#8221;4.27.4&#8243; animation_style=&#8221;slide&#8221; animation_direction=&#8221;left&#8221; animation_duration=&#8221;500ms&#8221; animation_intensity_slide=&#8221;10%&#8221; hover_enabled=&#8221;0&#8243; border_color_all=&#8221;#000000&#8243; use_border_color=&#8221;on&#8221; global_colors_info=&#8221;{}&#8221; sticky_enabled=&#8221;0&#8243;][\/et_pb_image][et_pb_text _builder_version=&#8221;4.16&#8243; global_colors_info=&#8221;{}&#8221;]<\/p>\n<div class='w3eden'>\n<div class=\"panel panel-default\">\n    <div class=\"panel-body\">\n \n    <div class=\"media\">\n        <div class=\"pull-left\"><img decoding=\"async\" class=\"wpdm_icon\" alt=\"Icona\"   src=\"https:\/\/www.dinamicassd.it\/susa\/wp-content\/plugins\/download-manager\/assets\/file-type-icons\/pdf.svg\" \/><\/div>\n        <div class=\"media-body\"><strong class=\"ptitle\"><a href=\"https:\/\/www.dinamicassd.it\/susa\/download\/volantino-lezioni-private-di-nuoto-2021-22\/?wpdmdl=50729&refresh=69fb18553f1361778063445\">Volantino Lezioni Private di Nuoto<\/a><\/strong>\n            <p>Scarica il Volantino Lezioni Private di Nuoto<\/p>\n\n            <div><strong><a class='wpdm-download-link download-on-click btn btn-primary '  rel='nofollow' href='#' data-downloadurl=\"https:\/\/www.dinamicassd.it\/susa\/download\/volantino-lezioni-private-di-nuoto-2021-22\/?wpdmdl=50729&refresh=69fb18553f1361778063445\">Download<\/a><\/strong><\/div>\n        <\/div>\n    <\/div>\n \n \n    <\/div>\n    <div class=\"panel-footer\"><span class=\"pull-right\">2834 downloads<\/span>321.21 KB<\/div>\n<\/div><\/div>\n<p>[\/et_pb_text][\/et_pb_column][et_pb_column type=&#8221;1_3&#8243; _builder_version=&#8221;4.16&#8243; custom_padding=&#8221;|||&#8221; global_colors_info=&#8221;{}&#8221; custom_padding__hover=&#8221;|||&#8221;][et_pb_sidebar orientation=&#8221;right&#8221; area=&#8221;et_pb_widget_area_1&#8243; _builder_version=&#8221;4.16&#8243; global_colors_info=&#8221;{}&#8221;][\/et_pb_sidebar][\/et_pb_column][\/et_pb_row][\/et_pb_section]<\/p>\n","protected":false},"excerpt":{"rendered":"<p>Le lezioni private di nuoto rappresentano un alternativa a tutti i corsi presenti in piscina e servono per venire incontro a esigenze particolari di orario, o a patologie personali che richiedono un approccio personalizzato e forzato. Il loro scopo quindi non \u00e8 quello di imparare pi\u00f9 in fretta o meglio (l&#8217;istruttore bravo ti insegna bene [&hellip;]<\/p>\n","protected":false},"author":1,"featured_media":0,"parent":0,"menu_order":4,"comment_status":"closed","ping_status":"closed","template":"","meta":{"_et_pb_use_builder":"on","_et_pb_old_content":"<p>Le lezioni private di nuoto rappresentano un alternativa a tutti i corsi presenti in piscina e servono per venire incontro a esigenze particolari di orario, o a patologie personali che richiedono un approccio personalizzato e forzato. Il loro scopo quindi non \u00e8 quello di imparare pi\u00f9 in fretta o meglio (l'istruttore bravo ti insegna bene sia in privato sia in gruppo) ma quello di risolvere specifiche esigenze, se non sussistono queste caratteristiche \u00e8 meglio nuotare in gruppo nei corsi che probabilmente ci si diverte anche di pi\u00f9.<\/p><p>E' chiaro che l'istruttore dedicato aiuta soprattutto durante le prime lezioni in caso di paure. Trovare un istruttore che ti fa sentire subito a tuo agio ti rende pi\u00f9 tranquillo e la tranquillit\u00e0 rende pi\u00f9 disponibile ad ascoltare e ad imparare. Tutto il lavoro svolto deve essere finalizzato a sconfiggere le paure per affrontare il mondo della piscina assieme a tutte le altre persone.<\/p><p><a href=\"http:\/\/www.dinamicassd.it\/susa\/wp-content\/uploads\/2017\/08\/LEZIONI-PRIVATE-rev4-31-08-17.jpg\"><img class=\"aligncenter size-large wp-image-1970\" src=\"http:\/\/www.dinamicassd.it\/susa\/wp-content\/uploads\/2017\/08\/LEZIONI-PRIVATE-rev4-31-08-17-1024x723.jpg\" alt=\"Volantino Piscina di Susa Lezioni Private di Nuoto valido fino a Giugno 2018\" width=\"1024\" height=\"723\"><\/a><\/p><p>\u00a0<\/p>","_et_gb_content_width":"","ngg_post_thumbnail":0,"footnotes":""},"class_list":["post-1865","page","type-page","status-publish","hentry"],"_links":{"self":[{"href":"https:\/\/www.dinamicassd.it\/susa\/wp-json\/wp\/v2\/pages\/1865","targetHints":{"allow":["GET"]}}],"collection":[{"href":"https:\/\/www.dinamicassd.it\/susa\/wp-json\/wp\/v2\/pages"}],"about":[{"href":"https:\/\/www.dinamicassd.it\/susa\/wp-json\/wp\/v2\/types\/page"}],"author":[{"embeddable":true,"href":"https:\/\/www.dinamicassd.it\/susa\/wp-json\/wp\/v2\/users\/1"}],"replies":[{"embeddable":true,"href":"https:\/\/www.dinamicassd.it\/susa\/wp-json\/wp\/v2\/comments?post=1865"}],"version-history":[{"count":3,"href":"https:\/\/www.dinamicassd.it\/susa\/wp-json\/wp\/v2\/pages\/1865\/revisions"}],"predecessor-version":[{"id":51905,"href":"https:\/\/www.dinamicassd.it\/susa\/wp-json\/wp\/v2\/pages\/1865\/revisions\/51905"}],"wp:attachment":[{"href":"https:\/\/www.dinamicassd.it\/susa\/wp-json\/wp\/v2\/media?parent=1865"}],"curies":[{"name":"wp","href":"https:\/\/api.w.org\/{rel}","templated":true}]}}