{"id":1565,"date":"2017-08-24T16:33:14","date_gmt":"2017-08-24T14:33:14","guid":{"rendered":"http:\/\/www.dinamicassd.it\/susa\/?page_id=1565"},"modified":"2025-08-20T13:00:20","modified_gmt":"2025-08-20T11:00:20","slug":"scuola-nuoto-bambini","status":"publish","type":"page","link":"https:\/\/www.dinamicassd.it\/susa\/scuola-nuoto-bambini\/","title":{"rendered":"Scuola nuoto Bambini"},"content":{"rendered":"<p>[et_pb_section fb_built=&#8221;1&#8243; fullwidth=&#8221;on&#8221; _builder_version=&#8221;4.16&#8243; global_colors_info=&#8221;{}&#8221;][et_pb_fullwidth_header title=&#8221;Scuola Nuoto Bambini&#8221; subhead=&#8221;Per imparare a nuotare e stare in gruppo&#8221; text_orientation=&#8221;center&#8221; content_max_width=&#8221;none&#8221; title_font_color=&#8221;#020472&#8243; subhead_font_color=&#8221;#ff2b23&#8243; _builder_version=&#8221;4.16&#8243; title_font=&#8221;Montserrat||||&#8221; title_text_color=&#8221;#FFFFFF&#8221; title_font_size=&#8221;60px&#8221; content_font_size=&#8221;23px&#8221; subhead_text_color=&#8221;#FFFFFF&#8221; subhead_font_size=&#8221;30px&#8221; background_color=&#8221;rgba(232,232,232,0.73)&#8221; background_image=&#8221;https:\/\/www.dinamicassd.it\/susa\/wp-content\/uploads\/2021\/03\/IMG_4442-b.png&#8221; background_layout=&#8221;light&#8221; title_font_size_tablet=&#8221;30px&#8221; title_font_size_phone=&#8221;&#8221; title_font_size_last_edited=&#8221;on|desktop&#8221; content_font_size_tablet=&#8221;18px&#8221; content_font_size_phone=&#8221;&#8221; content_font_size_last_edited=&#8221;on|phone&#8221; subhead_font_size_tablet=&#8221;24px&#8221; subhead_font_size_phone=&#8221;18px&#8221; subhead_font_size_last_edited=&#8221;on|phone&#8221; button_one_letter_spacing_hover=&#8221;0&#8243; button_two_letter_spacing_hover=&#8221;0&#8243; global_colors_info=&#8221;{}&#8221; button_one_text_size__hover_enabled=&#8221;off&#8221; button_two_text_size__hover_enabled=&#8221;off&#8221; button_one_text_color__hover_enabled=&#8221;off&#8221; button_two_text_color__hover_enabled=&#8221;off&#8221; button_one_border_width__hover_enabled=&#8221;off&#8221; button_two_border_width__hover_enabled=&#8221;off&#8221; button_one_border_color__hover_enabled=&#8221;off&#8221; button_two_border_color__hover_enabled=&#8221;off&#8221; button_one_border_radius__hover_enabled=&#8221;off&#8221; button_two_border_radius__hover_enabled=&#8221;off&#8221; button_one_letter_spacing__hover_enabled=&#8221;on&#8221; button_one_letter_spacing__hover=&#8221;0&#8243; button_two_letter_spacing__hover_enabled=&#8221;on&#8221; button_two_letter_spacing__hover=&#8221;0&#8243; button_one_bg_color__hover_enabled=&#8221;off&#8221; button_two_bg_color__hover_enabled=&#8221;off&#8221;][\/et_pb_fullwidth_header][\/et_pb_section][et_pb_section fb_built=&#8221;1&#8243; _builder_version=&#8221;4.16&#8243; global_colors_info=&#8221;{}&#8221;][et_pb_row column_structure=&#8221;2_3,1_3&#8243; _builder_version=&#8221;4.16&#8243; background_size=&#8221;initial&#8221; background_position=&#8221;top_left&#8221; background_repeat=&#8221;repeat&#8221; global_colors_info=&#8221;{}&#8221;][et_pb_column type=&#8221;2_3&#8243; _builder_version=&#8221;4.16&#8243; custom_padding=&#8221;|||&#8221; global_colors_info=&#8221;{}&#8221; custom_padding__hover=&#8221;|||&#8221;][et_pb_text _builder_version=&#8221;4.16&#8243; background_color=&#8221;#fafafa&#8221; text_orientation=&#8221;justified&#8221; custom_padding=&#8221;10px|20px|10px|20px&#8221; border_width_all=&#8221;0px&#8221; border_color_all=&#8221;#161616&#8243; border_style_all=&#8221;solid&#8221; use_border_color=&#8221;on&#8221; border_color=&#8221;#161616&#8243; border_style=&#8221;solid&#8221; global_colors_info=&#8221;{}&#8221;]L&#8217;ambientamento in acqua \u00e8 un processo che investe non solo i muscoli e la capacit\u00e0 di stare a galla. I vostri figli necessitano di un insieme di &#8220;ingredienti&#8221; per lo sviluppo psico- motorio.La capacit\u00e0 di apprendimento in questa fascia di et\u00e0 \u00e8 in rapida accelerazione e le capacit\u00e0 di movimento in acqua sono estremamente facilitate.<\/p>\n<p>I bambini per loro natura hanno bisogno di essere guidati nella scoperta del mondo acquatico e quindi per questa esigenza sono stati studiati del corsi di nuoto adatti alla loro et\u00e0 in modo da avvicinarli alla specialit\u00e0 senza dimenticare la componente pi\u00f9 importante della loro et\u00e0 che \u00e8 il gioco.<\/p>\n<p>E&#8217; consigliato iniziare l&#8217;attivit\u00e0 in piscina con bambini tra i tre e i sei anni di et\u00e0 e di indirizzarli verso l&#8217;attivit\u00e0 agonistica tra i sei e gli otto anni.<\/p>\n<p>Si parte muovendo i primi passi in vasche basse, che permettono ai bambini di affrontare l\u2019acqua con pi\u00f9 serenit\u00e0.&nbsp;Da questa et\u00e0 in poi la piscina \u00e8 utile perch\u00e9 irrobustisce l\u2019apparato muscolo scheletrico. I muscoli si allenano ed \u00e8 possibile prevenire i disagi alla schiena. La piscina fa bene anche al cuore e ai polmoni dei bambini. Inoltre, li aiuta a&nbsp;mantenere il peso giusto.<\/p>\n<p>L\u2019attivit\u00e0 sportiva in piscina non fa solo bene al fisico dei bambini, ma li stimola a conoscere un nuovo ambiente e li aiuta da un punto di vista emotivo. Alcuni bimbi, specialmente all\u2019inizio possono essere un po\u2019 intimoriti dall\u2019acqua, questo timore man mano scomparir\u00e0. Con&nbsp;i primi risultati, il bimbo diventa pi\u00f9 sicuro di s\u00e9&nbsp;e pi\u00f9 attento agli stimoli ricevuti.<\/p>\n<p>I bambini acquisiscono la predisposizione all\u2019ascolto e la conservano soprattutto quando si accorgono di fare progressi aumentando cos\u00ec la stima cha hanno di loro stessi. Il nuoto li rende pi\u00f9 disciplinati e fa in modo che capiscano l\u2019importanza di impegnarsi per&nbsp;raggiungere un obiettivo; inoltre&nbsp;in piscina il tuo bimbo incontrer\u00e0 tanti nuovi amici con cui socializzare, fare amicizia e perch\u00e9 no, diventare una squadra.<\/p>\n<p>&nbsp;<br \/>\n[\/et_pb_text][et_pb_image src=&#8221;https:\/\/www.dinamicassd.it\/susa\/wp-content\/uploads\/2025\/08\/2-SCUOLA-NUOTO-BAMBINI-rev-n\u00b020-20-08-25.jpg&#8221; alt=&#8221;Volantino Scuola Nuoto Bambini&#8221; title_text=&#8221;2-SCUOLA-NUOTO-BAMBINI-rev-n\u00b020-20-08-25&#8243; show_in_lightbox=&#8221;on&#8221; align_tablet=&#8221;center&#8221; align_phone=&#8221;&#8221; align_last_edited=&#8221;on|desktop&#8221; _builder_version=&#8221;4.27.4&#8243; animation_style=&#8221;slide&#8221; animation_direction=&#8221;left&#8221; animation_duration=&#8221;500ms&#8221; animation_intensity_slide=&#8221;10%&#8221; hover_enabled=&#8221;0&#8243; border_color_all=&#8221;#000000&#8243; use_border_color=&#8221;on&#8221; border_color=&#8221;#000000&#8243; border_style=&#8221;solid&#8221; sticky=&#8221;off&#8221; global_colors_info=&#8221;{}&#8221; sticky_enabled=&#8221;0&#8243;][\/et_pb_image][et_pb_text _builder_version=&#8221;4.16&#8243; global_colors_info=&#8221;{}&#8221;]<\/p>\n<div class='w3eden'>\n<div class=\"panel panel-default\">\n    <div class=\"panel-body\">\n \n    <div class=\"media\">\n        <div class=\"pull-left\"><img decoding=\"async\" class=\"wpdm_icon\" alt=\"Icona\"   src=\"https:\/\/www.dinamicassd.it\/susa\/wp-content\/plugins\/download-manager\/assets\/file-type-icons\/pdf.svg\" \/><\/div>\n        <div class=\"media-body\"><strong class=\"ptitle\"><a href=\"https:\/\/www.dinamicassd.it\/susa\/download\/volantino-scuola-nuoto-bambini-2\/?wpdmdl=50720&refresh=69d28a985f5841775405720\">Volantino Scuola Nuoto Bambini<\/a><\/strong>\n            <p>Scarica il volantino.<\/p>\n\n            <div><strong><a class='wpdm-download-link download-on-click btn btn-primary '  rel='nofollow' href='#' data-downloadurl=\"https:\/\/www.dinamicassd.it\/susa\/download\/volantino-scuola-nuoto-bambini-2\/?wpdmdl=50720&refresh=69d28a985f5841775405720\">Download<\/a><\/strong><\/div>\n        <\/div>\n    <\/div>\n \n \n    <\/div>\n    <div class=\"panel-footer\"><span class=\"pull-right\">4896 downloads<\/span>265.26 KB<\/div>\n<\/div><\/div>\n<p>[\/et_pb_text][\/et_pb_column][et_pb_column type=&#8221;1_3&#8243; _builder_version=&#8221;4.16&#8243; custom_padding=&#8221;|||&#8221; global_colors_info=&#8221;{}&#8221; custom_padding__hover=&#8221;|||&#8221;][et_pb_sidebar orientation=&#8221;right&#8221; area=&#8221;et_pb_widget_area_1&#8243; _builder_version=&#8221;4.16&#8243; global_colors_info=&#8221;{}&#8221;][\/et_pb_sidebar][\/et_pb_column][\/et_pb_row][\/et_pb_section]<\/p>\n","protected":false},"excerpt":{"rendered":"<p>L&#8217;ambientamento in acqua \u00e8 un processo che investe non solo i muscoli e la capacit\u00e0 di stare a galla. I vostri figli necessitano di un insieme di &#8220;ingredienti&#8221; per lo sviluppo psico- motorio.La capacit\u00e0 di apprendimento in questa fascia di et\u00e0 \u00e8 in rapida accelerazione e le capacit\u00e0 di movimento in acqua sono estremamente facilitate. [&hellip;]<\/p>\n","protected":false},"author":1,"featured_media":0,"parent":0,"menu_order":1,"comment_status":"closed","ping_status":"closed","template":"","meta":{"_et_pb_use_builder":"on","_et_pb_old_content":"<p>L'ambientamento in acqua \u00e8 un processo che investe non solo i muscoli e la capacit\u00e0 di stare a galla. I vostri figli necessitano di un insieme di \"ingredienti\" per lo sviluppo psico- motorio.La capacit\u00e0 di apprendimento in questa fascia di et\u00e0 \u00e8 in rapida accelerazione e le capacit\u00e0 di movimento in acqua sono estremamente facilitate.<\/p><p>I bambini per loro natura hanno bisogno di essere guidati nella scoperta del mondo acquatico e quindi per questa esigenza sono stati studiati del corsi di nuoto adatti alla loro et\u00e0 in modo di avvicinarli alla specialit\u00e0 senza dimenticare la componente pi\u00f9 importante della loro et\u00e0 che \u00e8 il gioco.<\/p><p>E' consigliato iniziare l'attivit\u00e0 in piscina con bambini tra i quattro e i sei anni di et\u00e0 e di indirizzarli verso l'attivit\u00e0 agonistica tra i sei e gli otto anni.<\/p><p>Si parte muovendo i primi passi in vasche basse, che permettono ai bambini di affrontare l\u2019acqua con pi\u00f9 serenit\u00e0.\u00a0Da questa et\u00e0 in poi la piscina \u00e8 utile perch\u00e9 irrobustisce l\u2019apparato muscolo scheletrico. I muscoli si allenano ed \u00e8 possibile prevenire i disagi per la schiena. La piscina fa bene anche al cuore e ai polmoni dei bambini. Inoltre, li aiuta a\u00a0mantenere il peso giusto.<\/p><p>L\u2019attivit\u00e0 sportiva in piscina non fa solo bene al fisico dei bambini, ma li stimola a conoscere un nuovo ambiente e li aiuta da un punto di vista emotivo. Alcuni bimbi, specialmente all\u2019inizio possono essere un po\u2019 intimoriti dall\u2019acqua, questo timore man mano scomparir\u00e0. Con\u00a0i primi risultati, il bimbo diventa pi\u00f9 sicuro di s\u00e9\u00a0e concentrato.<\/p><p>I bambini acquisiscono la predisposizione all\u2019ascolto e la conservano, anche quando si accorgono che stanno facendo progressi e aumenta la stima cha hanno di se stessi, il nuoto li rende pi\u00f9 disciplinati e fa in modo che capiscano l\u2019importanza di impegnarsi per\u00a0raggiungere un obiettivo. Inoltre\u00a0in piscina il tuo bimbo incontrer\u00e0 tanti nuovi amici con cui socializzare, fare amicizia e perch\u00e9 no, diventare una squadra.<\/p><p><a href=\"http:\/\/www.dinamicassd.it\/susa\/wp-content\/uploads\/2017\/08\/SCUOLA-NUOTO-BAMBINI-rev-5-31-08-17.jpg\"><img class=\"aligncenter size-large wp-image-1963\" src=\"http:\/\/www.dinamicassd.it\/susa\/wp-content\/uploads\/2017\/08\/SCUOLA-NUOTO-BAMBINI-rev-5-31-08-17-1024x723.jpg\" alt=\"Volantino Piscina di Susa Scuola Nuoto Bambini valido fino a Giugno 2018\" width=\"1024\" height=\"723\" \/><\/a><\/p>","_et_gb_content_width":"","ngg_post_thumbnail":0,"footnotes":""},"class_list":["post-1565","page","type-page","status-publish","hentry"],"_links":{"self":[{"href":"https:\/\/www.dinamicassd.it\/susa\/wp-json\/wp\/v2\/pages\/1565","targetHints":{"allow":["GET"]}}],"collection":[{"href":"https:\/\/www.dinamicassd.it\/susa\/wp-json\/wp\/v2\/pages"}],"about":[{"href":"https:\/\/www.dinamicassd.it\/susa\/wp-json\/wp\/v2\/types\/page"}],"author":[{"embeddable":true,"href":"https:\/\/www.dinamicassd.it\/susa\/wp-json\/wp\/v2\/users\/1"}],"replies":[{"embeddable":true,"href":"https:\/\/www.dinamicassd.it\/susa\/wp-json\/wp\/v2\/comments?post=1565"}],"version-history":[{"count":4,"href":"https:\/\/www.dinamicassd.it\/susa\/wp-json\/wp\/v2\/pages\/1565\/revisions"}],"predecessor-version":[{"id":52015,"href":"https:\/\/www.dinamicassd.it\/susa\/wp-json\/wp\/v2\/pages\/1565\/revisions\/52015"}],"wp:attachment":[{"href":"https:\/\/www.dinamicassd.it\/susa\/wp-json\/wp\/v2\/media?parent=1565"}],"curies":[{"name":"wp","href":"https:\/\/api.w.org\/{rel}","templated":true}]}}