{"id":2535,"date":"2017-10-02T20:54:23","date_gmt":"2017-10-02T18:54:23","guid":{"rendered":"http:\/\/www.dinamicassd.it\/chieri\/?page_id=2535"},"modified":"2018-11-13T22:02:04","modified_gmt":"2018-11-13T21:02:04","slug":"politica-della-qualita","status":"publish","type":"page","link":"https:\/\/www.dinamicassd.it\/chieri\/politica-della-qualita\/","title":{"rendered":"Politica della Qualit\u00e0"},"content":{"rendered":"<p>La missione della Dinamica \u00e8 promuovere lo sport in acqua, organizzando attivit\u00e0 dilettantistiche e agonistiche. Nella gestione degli impianti sportivi utilizza criteri organizzativi che mirano a migliorare il livello dei servizi offerti e ricercare costantemente la soddisfazione del cliente, nell&#8217;ambito del contesto dell&#8217;organizzazione riesaminato annualmente al fine di definire gli indirizzi strategici, che trovano riscontro nel piano di miglioramento periodicamente aggiornato.<\/p>\n<p>La Dinamica punta ad esprimere la propria Qualit\u00e0 in tutti i settori, dai dipendenti, ai collaboratori, al materiale utilizzato e alle attrezzature didattiche. La Dinamica ritiene che la soddisfazione del cliente e il benessere dei propri dipendenti e collaboratori siano fondamentali per sviluppare il proprio lavoro, e l&#8217;analisi e l&#8217;ascolto di questi fattori sono ormai da anni lo spunto di riflessione per la valutazione della qualit\u00e0 dei servizi erogati da parte della Dinamica e per il miglioramento degli stessi. In tal senso l\u2019adozione di modalit\u00e0 consolidate nel tempo per effettuare tali analisi \u00e8 ritenuta dalla Presidenza l\u2019approccio corretto per aspirare al successo del proprio lavoro.<\/p>\n<p><img loading=\"lazy\" decoding=\"async\" class=\"aligncenter size-full wp-image-2791\" src=\"http:\/\/www.dinamicassd.it\/chieri\/wp-content\/uploads\/2018\/11\/MarchiQualitaR.jpg\" alt=\"Marchi Enti Certificatori Piscina di Susa\" width=\"619\" height=\"213\" srcset=\"https:\/\/www.dinamicassd.it\/chieri\/wp-content\/uploads\/2018\/11\/MarchiQualitaR.jpg 619w, https:\/\/www.dinamicassd.it\/chieri\/wp-content\/uploads\/2018\/11\/MarchiQualitaR-300x103.jpg 300w, https:\/\/www.dinamicassd.it\/chieri\/wp-content\/uploads\/2018\/11\/MarchiQualitaR-20x7.jpg 20w\" sizes=\"(max-width: 619px) 100vw, 619px\" \/><\/p>\n<p>Negli ultimi anni la Dinamica ha investito energie e risorse economiche per potersi relazionare al meglio con il proprio pubblico, anche e soprattutto a livello tecnologico e informatico (sia internamente e sia verso l\u2019esterno). Espressione di questo orientamento della politica dell\u2019Ente \u00e8 il \u201csito web\u201d, che raccoglie tutte le informazioni che possono risultare utili per l\u2019utente finale e inoltre contiene un&#8217;area riservata per i dipendenti e i collaboratori. E&#8217; anche ormai una presenza consolidata nel mondo social, in modo da poter sviluppare una comunicazione smart e al servizio dei pi\u00f9 giovani.<\/p>\n<p>L&#8217;applicazione della norma ISO 9001:2015 si esplica in modo costruttivo ed esecutivo attraverso la redazione di documenti &#8220;uso interno&#8221; che permettono la risoluzione dei problemi e l&#8217;implementazione delle novit\u00e0, nel pieno rispetto delle norme generali e delle leggi regionali e statali.<\/p>\n<p><img loading=\"lazy\" decoding=\"async\" class=\"size-large wp-image-2538 aligncenter\" src=\"https:\/\/www.dinamicassd.it\/chieri\/wp-content\/uploads\/2017\/10\/DINAMICA-s.s.d.-a-r-ISO-9001-724x1024.jpg\" alt=\"Certificato ISO 9001 Piscina Chieri\" width=\"724\" height=\"1024\" srcset=\"https:\/\/www.dinamicassd.it\/chieri\/wp-content\/uploads\/2017\/10\/DINAMICA-s.s.d.-a-r-ISO-9001-724x1024.jpg 724w, https:\/\/www.dinamicassd.it\/chieri\/wp-content\/uploads\/2017\/10\/DINAMICA-s.s.d.-a-r-ISO-9001-212x300.jpg 212w, https:\/\/www.dinamicassd.it\/chieri\/wp-content\/uploads\/2017\/10\/DINAMICA-s.s.d.-a-r-ISO-9001.jpg 768w, https:\/\/www.dinamicassd.it\/chieri\/wp-content\/uploads\/2017\/10\/DINAMICA-s.s.d.-a-r-ISO-9001-14x20.jpg 14w\" sizes=\"(max-width: 724px) 100vw, 724px\" \/><\/p>\n","protected":false},"excerpt":{"rendered":"<p>La missione della Dinamica \u00e8 promuovere lo sport in acqua, organizzando attivit\u00e0 dilettantistiche e agonistiche. Nella gestione degli impianti sportivi utilizza criteri organizzativi che mirano a migliorare il livello dei servizi offerti e ricercare costantemente la soddisfazione del cliente, nell&#8217;ambito del contesto dell&#8217;organizzazione riesaminato annualmente al fine di definire gli indirizzi strategici, che trovano riscontro [&hellip;]<\/p>\n","protected":false},"author":1,"featured_media":0,"parent":0,"menu_order":0,"comment_status":"closed","ping_status":"closed","template":"","meta":{"_et_pb_use_builder":"","_et_pb_old_content":"","_et_gb_content_width":"","ngg_post_thumbnail":0,"footnotes":""},"class_list":["post-2535","page","type-page","status-publish","hentry"],"_links":{"self":[{"href":"https:\/\/www.dinamicassd.it\/chieri\/wp-json\/wp\/v2\/pages\/2535","targetHints":{"allow":["GET"]}}],"collection":[{"href":"https:\/\/www.dinamicassd.it\/chieri\/wp-json\/wp\/v2\/pages"}],"about":[{"href":"https:\/\/www.dinamicassd.it\/chieri\/wp-json\/wp\/v2\/types\/page"}],"author":[{"embeddable":true,"href":"https:\/\/www.dinamicassd.it\/chieri\/wp-json\/wp\/v2\/users\/1"}],"replies":[{"embeddable":true,"href":"https:\/\/www.dinamicassd.it\/chieri\/wp-json\/wp\/v2\/comments?post=2535"}],"version-history":[{"count":3,"href":"https:\/\/www.dinamicassd.it\/chieri\/wp-json\/wp\/v2\/pages\/2535\/revisions"}],"predecessor-version":[{"id":2793,"href":"https:\/\/www.dinamicassd.it\/chieri\/wp-json\/wp\/v2\/pages\/2535\/revisions\/2793"}],"wp:attachment":[{"href":"https:\/\/www.dinamicassd.it\/chieri\/wp-json\/wp\/v2\/media?parent=2535"}],"curies":[{"name":"wp","href":"https:\/\/api.w.org\/{rel}","templated":true}]}}