{"id":2519,"date":"2017-10-01T18:49:02","date_gmt":"2017-10-01T16:49:02","guid":{"rendered":"http:\/\/www.dinamicassd.it\/chieri\/?page_id=2519"},"modified":"2025-09-01T13:29:45","modified_gmt":"2025-09-01T11:29:45","slug":"nuoto-sincronizzato","status":"publish","type":"page","link":"https:\/\/www.dinamicassd.it\/chieri\/attivita-gruppo\/nuoto-sincronizzato\/","title":{"rendered":"Nuoto Sincronizzato"},"content":{"rendered":"<p>[et_pb_section fb_built=&#8221;1&#8243; fullwidth=&#8221;on&#8221; _builder_version=&#8221;4.16&#8243; global_colors_info=&#8221;{}&#8221;][et_pb_fullwidth_header title=&#8221;Nuoto Sincronizzato&#8221; text_orientation=&#8221;center&#8221; title_font_color=&#8221;#020472&#8243; subhead_font_color=&#8221;#ff2b23&#8243; _builder_version=&#8221;4.16&#8243; title_font=&#8221;Montserrat||||&#8221; title_text_color=&#8221;#020472&#8243; title_font_size=&#8221;60px&#8221; content_font_size=&#8221;23px&#8221; subhead_text_color=&#8221;#ff2b23&#8243; subhead_font_size=&#8221;30px&#8221; background_color=&#8221;rgba(232,232,232,0.73)&#8221; background_image=&#8221;http:\/\/www.dinamicassd.it\/chieri\/wp-content\/uploads\/2021\/03\/Sincro_2-e1615830024673.jpg&#8221; title_font_size_tablet=&#8221;30px&#8221; title_font_size_phone=&#8221;&#8221; title_font_size_last_edited=&#8221;on|desktop&#8221; content_font_size_tablet=&#8221;18px&#8221; content_font_size_phone=&#8221;&#8221; content_font_size_last_edited=&#8221;on|phone&#8221; subhead_font_size_tablet=&#8221;24px&#8221; subhead_font_size_phone=&#8221;18px&#8221; subhead_font_size_last_edited=&#8221;on|phone&#8221; button_one_letter_spacing_hover=&#8221;0&#8243; button_two_letter_spacing_hover=&#8221;0&#8243; global_colors_info=&#8221;{}&#8221; button_one_text_size__hover_enabled=&#8221;off&#8221; button_one_text_size__hover=&#8221;null&#8221; button_two_text_size__hover_enabled=&#8221;off&#8221; button_two_text_size__hover=&#8221;null&#8221; button_one_text_color__hover_enabled=&#8221;off&#8221; button_one_text_color__hover=&#8221;null&#8221; button_two_text_color__hover_enabled=&#8221;off&#8221; button_two_text_color__hover=&#8221;null&#8221; button_one_border_width__hover_enabled=&#8221;off&#8221; button_one_border_width__hover=&#8221;null&#8221; button_two_border_width__hover_enabled=&#8221;off&#8221; button_two_border_width__hover=&#8221;null&#8221; button_one_border_color__hover_enabled=&#8221;off&#8221; button_one_border_color__hover=&#8221;null&#8221; button_two_border_color__hover_enabled=&#8221;off&#8221; button_two_border_color__hover=&#8221;null&#8221; button_one_border_radius__hover_enabled=&#8221;off&#8221; button_one_border_radius__hover=&#8221;null&#8221; button_two_border_radius__hover_enabled=&#8221;off&#8221; button_two_border_radius__hover=&#8221;null&#8221; button_one_letter_spacing__hover_enabled=&#8221;on&#8221; button_one_letter_spacing__hover=&#8221;0&#8243; button_two_letter_spacing__hover_enabled=&#8221;on&#8221; button_two_letter_spacing__hover=&#8221;0&#8243; button_one_bg_color__hover_enabled=&#8221;off&#8221; button_one_bg_color__hover=&#8221;null&#8221; button_two_bg_color__hover_enabled=&#8221;off&#8221; button_two_bg_color__hover=&#8221;null&#8221;][\/et_pb_fullwidth_header][\/et_pb_section][et_pb_section fb_built=&#8221;1&#8243; _builder_version=&#8221;4.16&#8243; global_colors_info=&#8221;{}&#8221;][et_pb_row column_structure=&#8221;2_3,1_3&#8243; _builder_version=&#8221;4.16&#8243; background_size=&#8221;initial&#8221; background_position=&#8221;top_left&#8221; background_repeat=&#8221;repeat&#8221; global_colors_info=&#8221;{}&#8221;][et_pb_column type=&#8221;2_3&#8243; _builder_version=&#8221;4.16&#8243; custom_padding=&#8221;|||&#8221; global_colors_info=&#8221;{}&#8221; custom_padding__hover=&#8221;|||&#8221;][et_pb_text _builder_version=&#8221;4.16&#8243; background_color=&#8221;#fafafa&#8221; text_orientation=&#8221;justified&#8221; module_alignment=&#8221;left&#8221; custom_padding=&#8221;10px|20px|10px|20px&#8221; border_width_all=&#8221;0px&#8221; border_color_all=&#8221;#161616&#8243; border_style_all=&#8221;solid&#8221; use_border_color=&#8221;on&#8221; border_color=&#8221;#161616&#8243; border_style=&#8221;solid&#8221; global_colors_info=&#8221;{}&#8221;]<\/p>\n<p>\nIl&nbsp;<b>nuoto sincronizzato<\/b>&nbsp;\u00e8 uno&nbsp;<a class=\"mw-redirect\" title=\"Sport acquatico\" href=\"https:\/\/it.wikipedia.org\/wiki\/Sport_acquatico\" target=\"_blank\" rel=\"noopener\">sport acquatico<\/a>, inquadrato come disciplina tecnico-combinatoria, che unisce&nbsp;<a title=\"Nuoto\" href=\"https:\/\/it.wikipedia.org\/wiki\/Nuoto\" target=\"_blank\" rel=\"noopener\">nuoto<\/a>,&nbsp;<a title=\"Ginnastica artistica\" href=\"https:\/\/it.wikipedia.org\/wiki\/Ginnastica_artistica\" target=\"_blank\" rel=\"noopener\">ginnastica artistica<\/a>&nbsp;e&nbsp;<a title=\"Danza\" href=\"https:\/\/it.wikipedia.org\/wiki\/Danza\" target=\"_blank\" rel=\"noopener\">danza<\/a>, in cui gli atleti eseguono esercizi coreografici in&nbsp;<a title=\"Acqua\" href=\"https:\/\/it.wikipedia.org\/wiki\/Acqua\" target=\"_blank\" rel=\"noopener\">acqua<\/a>&nbsp;in sincronia con la&nbsp;<a title=\"Musica\" href=\"https:\/\/it.wikipedia.org\/wiki\/Musica\" target=\"_blank\" rel=\"noopener\">musica<\/a>&nbsp;e tra tutti i componenti l&#8217;esercizio. Essi riescono a sentire la musica anche sott&#8217;acqua grazie a degli altoparlanti stagni detti &#8220;subacquei&#8221;. Le competizioni si dividono in esercizi tecnici ed esercizi liberi. Sia gli esercizi tecnici che quelli liberi possono essere di singolo, doppio o duo, o di squadra. Gli esercizi liberi comprendono anche l&#8217;esercizio di combinato.<\/p>\n<p>Il nuoto sincronizzato richiede capacit\u00e0 acquatiche, forza, resistenza, flessibilit\u00e0, grazia, abilit\u00e0 artistica, un&#8217;esatta coordinazione dei tempi e padronanza dell&#8217;<a title=\"Apnea\" href=\"https:\/\/it.wikipedia.org\/wiki\/Apnea\" target=\"_blank\" rel=\"noopener\">apnea<\/a>&nbsp;subacquea.<\/p>\n<p>[\/et_pb_text][et_pb_image src=&#8221;http:\/\/www.dinamicassd.it\/chieri\/wp-content\/uploads\/2025\/09\/SCUOLA-SINCRONIZZATO-VOLANTINO_page-0001.jpg&#8221; align_tablet=&#8221;center&#8221; align_phone=&#8221;&#8221; align_last_edited=&#8221;on|desktop&#8221; disabled_on=&#8221;off|off|off&#8221; _builder_version=&#8221;4.27.4&#8243; animation_style=&#8221;slide&#8221; animation_direction=&#8221;left&#8221; animation_duration=&#8221;500ms&#8221; animation_intensity_slide=&#8221;10%&#8221; hover_enabled=&#8221;0&#8243; border_color_all=&#8221;#000000&#8243; use_border_color=&#8221;on&#8221; global_colors_info=&#8221;{}&#8221; title_text=&#8221;SCUOLA SINCRONIZZATO &#8211; VOLANTINO_page-0001&#8243; sticky_enabled=&#8221;0&#8243;][\/et_pb_image][et_pb_text disabled_on=&#8221;on|on|on&#8221; _builder_version=&#8221;4.16&#8243; module_alignment=&#8221;left&#8221; disabled=&#8221;on&#8221; global_colors_info=&#8221;{}&#8221;]<\/p>\n<div class='w3eden'><div class=\"panel panel-default\">\n    <div class=\"panel-body\">\n \n    <div class=\"media\">\n        <div class=\"pull-left\"><img decoding=\"async\" class=\"wpdm_icon\" alt=\"Icona\"   src=\"https:\/\/www.dinamicassd.it\/chieri\/wp-content\/plugins\/download-manager\/assets\/file-type-icons\/pdf.png\" \/><\/div>\n        <div class=\"media-body\"><strong class=\"ptitle\"><a href=\"https:\/\/www.dinamicassd.it\/chieri\/download\/volantino-del-nuoto-sincronizzato-2019-20\/?wpdmdl=2690&amp;refresh=69eb7c94869ff1777040532\">Volantino del Nuoto Sincronizzato 2019\/20<\/a><\/strong>\n            <p>Scarica il volantino del Nuoto Sincronizzato 2019\/20<\/p>\n\n            <div><strong><a class='wpdm-download-link download-on-click btn btn-primary '  rel='nofollow' href='#' data-downloadurl=\"https:\/\/www.dinamicassd.it\/chieri\/download\/volantino-del-nuoto-sincronizzato-2019-20\/?wpdmdl=2690&refresh=69eb7c94869ff1777040532\">Download<\/a><\/strong><\/div>\n        <\/div>\n    <\/div>\n \n \n    <\/div>\n    <div class=\"panel-footer\"><span class=\"pull-right\">1630 downloads<\/span> - 259.68 KB<\/div>\n<\/div><\/div>\n<p>[\/et_pb_text][\/et_pb_column][et_pb_column type=&#8221;1_3&#8243; _builder_version=&#8221;4.16&#8243; custom_padding=&#8221;|||&#8221; global_colors_info=&#8221;{}&#8221; custom_padding__hover=&#8221;|||&#8221;][et_pb_sidebar orientation=&#8221;right&#8221; area=&#8221;et_pb_widget_area_3&#8243; disabled_on=&#8221;on|on|on&#8221; _builder_version=&#8221;4.16&#8243; disabled=&#8221;on&#8221; global_colors_info=&#8221;{}&#8221;][\/et_pb_sidebar][\/et_pb_column][\/et_pb_row][\/et_pb_section]<\/p>\n","protected":false},"excerpt":{"rendered":"<p>Il&nbsp;nuoto sincronizzato&nbsp;\u00e8 uno&nbsp;sport acquatico, inquadrato come disciplina tecnico-combinatoria, che unisce&nbsp;nuoto,&nbsp;ginnastica artistica&nbsp;e&nbsp;danza, in cui gli atleti eseguono esercizi coreografici in&nbsp;acqua&nbsp;in sincronia con la&nbsp;musica&nbsp;e tra tutti i componenti l&#8217;esercizio. Essi riescono a sentire la musica anche sott&#8217;acqua grazie a degli altoparlanti stagni detti &#8220;subacquei&#8221;. Le competizioni si dividono in esercizi tecnici ed esercizi liberi. Sia gli esercizi [&hellip;]<\/p>\n","protected":false},"author":1,"featured_media":0,"parent":1846,"menu_order":3,"comment_status":"closed","ping_status":"closed","template":"","meta":{"_et_pb_use_builder":"on","_et_pb_old_content":"","_et_gb_content_width":"","ngg_post_thumbnail":0,"footnotes":""},"class_list":["post-2519","page","type-page","status-publish","hentry"],"_links":{"self":[{"href":"https:\/\/www.dinamicassd.it\/chieri\/wp-json\/wp\/v2\/pages\/2519","targetHints":{"allow":["GET"]}}],"collection":[{"href":"https:\/\/www.dinamicassd.it\/chieri\/wp-json\/wp\/v2\/pages"}],"about":[{"href":"https:\/\/www.dinamicassd.it\/chieri\/wp-json\/wp\/v2\/types\/page"}],"author":[{"embeddable":true,"href":"https:\/\/www.dinamicassd.it\/chieri\/wp-json\/wp\/v2\/users\/1"}],"replies":[{"embeddable":true,"href":"https:\/\/www.dinamicassd.it\/chieri\/wp-json\/wp\/v2\/comments?post=2519"}],"version-history":[{"count":5,"href":"https:\/\/www.dinamicassd.it\/chieri\/wp-json\/wp\/v2\/pages\/2519\/revisions"}],"predecessor-version":[{"id":51374,"href":"https:\/\/www.dinamicassd.it\/chieri\/wp-json\/wp\/v2\/pages\/2519\/revisions\/51374"}],"up":[{"embeddable":true,"href":"https:\/\/www.dinamicassd.it\/chieri\/wp-json\/wp\/v2\/pages\/1846"}],"wp:attachment":[{"href":"https:\/\/www.dinamicassd.it\/chieri\/wp-json\/wp\/v2\/media?parent=2519"}],"curies":[{"name":"wp","href":"https:\/\/api.w.org\/{rel}","templated":true}]}}