{"id":2502,"date":"2017-10-01T10:09:01","date_gmt":"2017-10-01T08:09:01","guid":{"rendered":"http:\/\/www.dinamicassd.it\/chieri\/?page_id=2502"},"modified":"2020-09-07T17:54:29","modified_gmt":"2020-09-07T15:54:29","slug":"modulo-iscrizione","status":"publish","type":"page","link":"https:\/\/www.dinamicassd.it\/chieri\/modulo-iscrizione\/","title":{"rendered":"Modulo Iscrizione"},"content":{"rendered":"<p>[et_pb_section fb_built=&#8221;1&#8243; admin_label=&#8221;section&#8221; _builder_version=&#8221;3.22&#8243;][et_pb_row admin_label=&#8221;row&#8221; _builder_version=&#8221;3.25&#8243; background_size=&#8221;initial&#8221; background_position=&#8221;top_left&#8221; background_repeat=&#8221;repeat&#8221;][et_pb_column type=&#8221;4_4&#8243; _builder_version=&#8221;3.25&#8243; custom_padding=&#8221;|||&#8221; custom_padding__hover=&#8221;|||&#8221;][et_pb_text admin_label=&#8221;Text&#8221; _builder_version=&#8221;4.6.1&#8243; background_size=&#8221;initial&#8221; background_position=&#8221;top_left&#8221; background_repeat=&#8221;repeat&#8221; hover_enabled=&#8221;0&#8243; sticky_enabled=&#8221;0&#8243;]<\/p>\n<p>Il modulo \u00e8 necessario per l&#8217;iscrizione alle attivit\u00e0 della Piscina di Chieri. E&#8217; possibile scaricarlo e compilarlo in tutta tranquillit\u00e0 a casa per evitare inutili perdite di tempo in piscina al momento dell&#8217;iscrizione.<\/p>\n<div class='w3eden'><div class=\"panel panel-default\">\n    <div class=\"panel-body\">\n \n    <div class=\"media\">\n        <div class=\"pull-left\"><img decoding=\"async\" class=\"wpdm_icon\" alt=\"Icona\"   src=\"https:\/\/www.dinamicassd.it\/chieri\/wp-content\/plugins\/download-manager\/assets\/file-type-icons\/pdf.png\" \/><\/div>\n        <div class=\"media-body\"><strong class=\"ptitle\"><a href=\"https:\/\/www.dinamicassd.it\/chieri\/download\/modulo-di-iscrizione-2020-2021\/?wpdmdl=22790&refresh=69e00e986b7741776291480\">Modulo di iscrizione<\/a><\/strong>\n            <p>Scarica il modulo di iscrizione<\/p>\n\n            <div><strong><a class='wpdm-download-link download-on-click btn btn-primary '  rel='nofollow' href='#' data-downloadurl=\"https:\/\/www.dinamicassd.it\/chieri\/download\/modulo-di-iscrizione-2020-2021\/?wpdmdl=22790&refresh=69e00e986b7741776291480\">Download<\/a><\/strong><\/div>\n        <\/div>\n    <\/div>\n \n \n    <\/div>\n    <div class=\"panel-footer\"><span class=\"pull-right\">4901 downloads<\/span> - 359.65 KB<\/div>\n<\/div><\/div>\n<p>&nbsp;<\/p>\n<p>[\/et_pb_text][\/et_pb_column][\/et_pb_row][\/et_pb_section]<\/p>\n","protected":false},"excerpt":{"rendered":"<p>Il modulo \u00e8 necessario per l&#8217;iscrizione alle attivit\u00e0 della Piscina di Chieri. E&#8217; possibile scaricarlo e compilarlo in tutta tranquillit\u00e0 a casa per evitare inutili perdite di tempo in piscina al momento dell&#8217;iscrizione. <div class='w3eden'><div class=\"panel panel-default\">\n    <div class=\"panel-body\">\n \n    <div class=\"media\">\n        <div class=\"pull-left\"><img decoding=\"async\" class=\"wpdm_icon\" alt=\"Icona\"   src=\"https:\/\/www.dinamicassd.it\/chieri\/wp-content\/plugins\/download-manager\/assets\/file-type-icons\/pdf.png\" \/><\/div>\n        <div class=\"media-body\"><strong class=\"ptitle\"><a href=\"https:\/\/www.dinamicassd.it\/chieri\/download\/modulo-di-iscrizione-2020-2021\/?wpdmdl=22790&refresh=69e00e9898e921776291480\">Modulo di iscrizione<\/a><\/strong>\n            <p>Scarica il modulo di iscrizione<\/p>\n\n            <div><strong><a class='wpdm-download-link download-on-click btn btn-primary '  rel='nofollow' href='#' data-downloadurl=\"https:\/\/www.dinamicassd.it\/chieri\/download\/modulo-di-iscrizione-2020-2021\/?wpdmdl=22790&refresh=69e00e9898e921776291480\">Download<\/a><\/strong><\/div>\n        <\/div>\n    <\/div>\n \n \n    <\/div>\n    <div class=\"panel-footer\"><span class=\"pull-right\">4901 downloads<\/span> - 359.65 KB<\/div>\n<\/div><\/div> &nbsp;<\/p>\n","protected":false},"author":1,"featured_media":0,"parent":0,"menu_order":0,"comment_status":"closed","ping_status":"closed","template":"","meta":{"_et_pb_use_builder":"on","_et_pb_old_content":"Il modulo \u00e8 necessario per l'iscrizione alle attivit\u00e0 della Piscina di Chieri. E' possibile scaricarlo e compilarlo in tutta tranquillit\u00e0 a casa per evitare inutili perdite di tempo in piscina al momento dell'iscrizione.\r\n\r\n[wpdm_package id='2699']\r\n\r\n&nbsp;","_et_gb_content_width":"","ngg_post_thumbnail":0,"footnotes":""},"class_list":["post-2502","page","type-page","status-publish","hentry"],"_links":{"self":[{"href":"https:\/\/www.dinamicassd.it\/chieri\/wp-json\/wp\/v2\/pages\/2502","targetHints":{"allow":["GET"]}}],"collection":[{"href":"https:\/\/www.dinamicassd.it\/chieri\/wp-json\/wp\/v2\/pages"}],"about":[{"href":"https:\/\/www.dinamicassd.it\/chieri\/wp-json\/wp\/v2\/types\/page"}],"author":[{"embeddable":true,"href":"https:\/\/www.dinamicassd.it\/chieri\/wp-json\/wp\/v2\/users\/1"}],"replies":[{"embeddable":true,"href":"https:\/\/www.dinamicassd.it\/chieri\/wp-json\/wp\/v2\/comments?post=2502"}],"version-history":[{"count":3,"href":"https:\/\/www.dinamicassd.it\/chieri\/wp-json\/wp\/v2\/pages\/2502\/revisions"}],"predecessor-version":[{"id":22793,"href":"https:\/\/www.dinamicassd.it\/chieri\/wp-json\/wp\/v2\/pages\/2502\/revisions\/22793"}],"wp:attachment":[{"href":"https:\/\/www.dinamicassd.it\/chieri\/wp-json\/wp\/v2\/media?parent=2502"}],"curies":[{"name":"wp","href":"https:\/\/api.w.org\/{rel}","templated":true}]}}