{"id":1894,"date":"2017-08-27T18:37:53","date_gmt":"2017-08-27T16:37:53","guid":{"rendered":"http:\/\/www.dinamicassd.it\/chieri\/?page_id=1894"},"modified":"2025-09-01T13:33:06","modified_gmt":"2025-09-01T11:33:06","slug":"scuola-di-pallanuoto","status":"publish","type":"page","link":"https:\/\/www.dinamicassd.it\/chieri\/attivita-gruppo\/scuola-di-pallanuoto\/","title":{"rendered":"Scuola di Pallanuoto"},"content":{"rendered":"<p>[et_pb_section fb_built=&#8221;1&#8243; fullwidth=&#8221;on&#8221; _builder_version=&#8221;4.16&#8243; global_colors_info=&#8221;{}&#8221;][et_pb_fullwidth_header title=&#8221;Scuola Pallanuoto&#8221; subhead=&#8221;Uno sport di squadra altamente educativo&#8221; text_orientation=&#8221;center&#8221; content_max_width=&#8221;none&#8221; title_font_color=&#8221;#ffffff&#8221; subhead_font_color=&#8221;#edf000&#8243; _builder_version=&#8221;4.16&#8243; title_font=&#8221;Montserrat||||&#8221; title_text_color=&#8221;#ffffff&#8221; title_font_size=&#8221;60px&#8221; content_font_size=&#8221;23px&#8221; subhead_text_color=&#8221;#edf000&#8243; subhead_font_size=&#8221;30px&#8221; background_color=&#8221;rgba(232,232,232,0.73)&#8221; background_image=&#8221;https:\/\/www.dinamicassd.it\/chieri\/wp-content\/uploads\/2017\/08\/PALLANUOTO.jpg&#8221; background_layout=&#8221;light&#8221; title_font_size_tablet=&#8221;30px&#8221; title_font_size_phone=&#8221;&#8221; title_font_size_last_edited=&#8221;on|desktop&#8221; content_font_size_tablet=&#8221;18px&#8221; content_font_size_phone=&#8221;&#8221; content_font_size_last_edited=&#8221;on|phone&#8221; subhead_font_size_tablet=&#8221;24px&#8221; subhead_font_size_phone=&#8221;18px&#8221; subhead_font_size_last_edited=&#8221;on|phone&#8221; button_one_letter_spacing_hover=&#8221;0&#8243; button_two_letter_spacing_hover=&#8221;0&#8243; global_colors_info=&#8221;{}&#8221; button_one_text_size__hover_enabled=&#8221;off&#8221; button_one_text_size__hover=&#8221;null&#8221; button_two_text_size__hover_enabled=&#8221;off&#8221; button_two_text_size__hover=&#8221;null&#8221; button_one_text_color__hover_enabled=&#8221;off&#8221; button_one_text_color__hover=&#8221;null&#8221; button_two_text_color__hover_enabled=&#8221;off&#8221; button_two_text_color__hover=&#8221;null&#8221; button_one_border_width__hover_enabled=&#8221;off&#8221; button_one_border_width__hover=&#8221;null&#8221; button_two_border_width__hover_enabled=&#8221;off&#8221; button_two_border_width__hover=&#8221;null&#8221; button_one_border_color__hover_enabled=&#8221;off&#8221; button_one_border_color__hover=&#8221;null&#8221; button_two_border_color__hover_enabled=&#8221;off&#8221; button_two_border_color__hover=&#8221;null&#8221; button_one_border_radius__hover_enabled=&#8221;off&#8221; button_one_border_radius__hover=&#8221;null&#8221; button_two_border_radius__hover_enabled=&#8221;off&#8221; button_two_border_radius__hover=&#8221;null&#8221; button_one_letter_spacing__hover_enabled=&#8221;on&#8221; button_one_letter_spacing__hover=&#8221;0&#8243; button_two_letter_spacing__hover_enabled=&#8221;on&#8221; button_two_letter_spacing__hover=&#8221;0&#8243; button_one_bg_color__hover_enabled=&#8221;off&#8221; button_one_bg_color__hover=&#8221;null&#8221; button_two_bg_color__hover_enabled=&#8221;off&#8221; button_two_bg_color__hover=&#8221;null&#8221;][\/et_pb_fullwidth_header][\/et_pb_section][et_pb_section fb_built=&#8221;1&#8243; _builder_version=&#8221;4.16&#8243; global_colors_info=&#8221;{}&#8221;][et_pb_row column_structure=&#8221;2_3,1_3&#8243; _builder_version=&#8221;4.16&#8243; background_size=&#8221;initial&#8221; background_position=&#8221;top_left&#8221; background_repeat=&#8221;repeat&#8221; global_colors_info=&#8221;{}&#8221;][et_pb_column type=&#8221;2_3&#8243; _builder_version=&#8221;4.16&#8243; custom_padding=&#8221;|||&#8221; global_colors_info=&#8221;{}&#8221; custom_padding__hover=&#8221;|||&#8221;][et_pb_text _builder_version=&#8221;4.16&#8243; background_color=&#8221;#fafafa&#8221; text_orientation=&#8221;justified&#8221; custom_padding=&#8221;10px|20px|10px|20px&#8221; border_width_all=&#8221;0px&#8221; border_color_all=&#8221;#161616&#8243; border_style_all=&#8221;solid&#8221; use_border_color=&#8221;on&#8221; border_color=&#8221;#161616&#8243; border_style=&#8221;solid&#8221; global_colors_info=&#8221;{}&#8221;]<\/p>\n<p>\n<strong>La pallanuoto \u00e8 uno sport di squadra altamente allenante e performante<\/strong>&nbsp;che sviluppa armonicamente tutti i muscoli del corpo.<\/p>\n<p>Questa attivit\u00e0&nbsp;incorpora elementi di nuoto agonistico come&nbsp;<ins>efficienza e flessibilit\u00e0<\/ins>&nbsp;, migliora la capacit\u00e0 polmonare e favorisce un miglioramento della coordinazione motoria. La pallanuoto \u00e8 uno sport che fa gruppo e che incide sulla crescita del ragazzo per quanto riguarda il rispetto delle regole, e il rispetto assoluto del compagno e dell&#8217;avversario.<\/p>\n<p>Dedicati a bambini d&#8217;et\u00e0 superiore ai 6 anni con una buona tecnica Dorso e Stile Libero.<br \/>\nIndispensabile il perfezionamento dello stile Rana ed in particolare la tecnica di galleggiamento verticale, ottenuto grazie al potenziamento del colpo di gambe a &#8220;bicicletta&#8221; (gambe rana in posizione verticale).<br \/>\nL&#8217;interesse principale dei corsi di pallanuoto \u00e8 la presenza del pallone, attrezzo affascinante per i piccoli atleti ma anche per gli adulti attratti dal gioco di squadra.<\/p>\n<p>[\/et_pb_text][et_pb_image src=&#8221;http:\/\/www.dinamicassd.it\/chieri\/wp-content\/uploads\/2023\/09\/244475186_4500982733300643_8120835604711453582_n.jpg&#8221; title_text=&#8221;244475186_4500982733300643_8120835604711453582_n&#8221; align_tablet=&#8221;center&#8221; align_phone=&#8221;&#8221; align_last_edited=&#8221;on|desktop&#8221; disabled_on=&#8221;off|off|off&#8221; _builder_version=&#8221;4.22.1&#8243; animation_style=&#8221;slide&#8221; animation_direction=&#8221;left&#8221; animation_duration=&#8221;500ms&#8221; animation_intensity_slide=&#8221;10%&#8221; border_color_all=&#8221;#000000&#8243; use_border_color=&#8221;on&#8221; global_colors_info=&#8221;{}&#8221;][\/et_pb_image][et_pb_text disabled_on=&#8221;on|on|on&#8221; _builder_version=&#8221;4.27.4&#8243; custom_padding=&#8221;|0px||||&#8221; hover_enabled=&#8221;0&#8243; global_colors_info=&#8221;{}&#8221; disabled=&#8221;on&#8221; sticky_enabled=&#8221;0&#8243;]<\/p>\n<div class='w3eden'><div class=\"panel panel-default\">\n    <div class=\"panel-body\">\n \n    <div class=\"media\">\n        <div class=\"pull-left\"><img decoding=\"async\" class=\"wpdm_icon\" alt=\"Icona\"   src=\"https:\/\/www.dinamicassd.it\/chieri\/wp-content\/plugins\/download-manager\/assets\/file-type-icons\/pdf.svg\" \/><\/div>\n        <div class=\"media-body\"><strong class=\"ptitle\"><a href=\"https:\/\/www.dinamicassd.it\/chieri\/download\/volantino-scuola-di-pallanuoto-stagione-2021-22\/?wpdmdl=50662&refresh=6a01f341b8a281778512705\">Volantino Scuola di Pallanuoto stagione 2024-25<\/a><\/strong>\n            <p>Scarica il nostro Volantino Scuola di Pallanuoto stagione 2023-24<\/p>\n\n            <div><strong><a class='wpdm-download-link download-on-click btn btn-primary '  rel='nofollow' href='#' data-downloadurl=\"https:\/\/www.dinamicassd.it\/chieri\/download\/volantino-scuola-di-pallanuoto-stagione-2021-22\/?wpdmdl=50662&refresh=6a01f341b8a281778512705\">Download<\/a><\/strong><\/div>\n        <\/div>\n    <\/div>\n \n \n    <\/div>\n    <div class=\"panel-footer\"><span class=\"pull-right\">1760 downloads<\/span> - 2.14 MB<\/div>\n<\/div><\/div>\n<p>[\/et_pb_text][\/et_pb_column][et_pb_column type=&#8221;1_3&#8243; _builder_version=&#8221;4.16&#8243; custom_padding=&#8221;|||&#8221; global_colors_info=&#8221;{}&#8221; custom_padding__hover=&#8221;|||&#8221;][et_pb_sidebar orientation=&#8221;right&#8221; area=&#8221;et_pb_widget_area_3&#8243; disabled_on=&#8221;off|off|off&#8221; _builder_version=&#8221;4.16&#8243; global_colors_info=&#8221;{}&#8221;][\/et_pb_sidebar][\/et_pb_column][\/et_pb_row][\/et_pb_section][et_pb_section fb_built=&#8221;1&#8243; theme_builder_area=&#8221;post_content&#8221; _builder_version=&#8221;4.27.4&#8243; _module_preset=&#8221;default&#8221; hover_enabled=&#8221;0&#8243; sticky_enabled=&#8221;0&#8243;][et_pb_row _builder_version=&#8221;4.27.4&#8243; _module_preset=&#8221;default&#8221; column_structure=&#8221;2_3,1_3&#8243; theme_builder_area=&#8221;post_content&#8221;][et_pb_column _builder_version=&#8221;4.27.4&#8243; _module_preset=&#8221;default&#8221; type=&#8221;2_3&#8243; theme_builder_area=&#8221;post_content&#8221;][et_pb_image src=&#8221;http:\/\/www.dinamicassd.it\/chieri\/wp-content\/uploads\/2025\/09\/SCUOLA-PALLANUOTO-VOLANTINO_page-0001-1-1.jpg&#8221; _builder_version=&#8221;4.27.4&#8243; _module_preset=&#8221;default&#8221; theme_builder_area=&#8221;post_content&#8221; title_text=&#8221;SCUOLA PALLANUOTO &#8211; VOLANTINO_page-0001 (1)&#8221; hover_enabled=&#8221;0&#8243; sticky_enabled=&#8221;0&#8243;][\/et_pb_image][\/et_pb_column][et_pb_column _builder_version=&#8221;4.27.4&#8243; _module_preset=&#8221;default&#8221; type=&#8221;1_3&#8243; theme_builder_area=&#8221;post_content&#8221;][\/et_pb_column][\/et_pb_row][\/et_pb_section]<\/p>\n","protected":false},"excerpt":{"rendered":"<p>La pallanuoto \u00e8 uno sport di squadra altamente allenante e performante&nbsp;che sviluppa armonicamente tutti i muscoli del corpo. Questa attivit\u00e0&nbsp;incorpora elementi di nuoto agonistico come&nbsp;efficienza e flessibilit\u00e0&nbsp;, migliora la capacit\u00e0 polmonare e favorisce un miglioramento della coordinazione motoria. La pallanuoto \u00e8 uno sport che fa gruppo e che incide sulla crescita del ragazzo per quanto [&hellip;]<\/p>\n","protected":false},"author":1,"featured_media":0,"parent":1846,"menu_order":1,"comment_status":"closed","ping_status":"closed","template":"","meta":{"_et_pb_use_builder":"on","_et_pb_old_content":"<p><strong>La pallanuoto \u00e8 uno sport di squadra altamente allenante e performante<\/strong>\u00a0che sviluppa armonicamente tutti i muscoli del corpo.<\/p><p>Questa attivit\u00e0\u00a0incorpora elementi di nuoto agonistico come\u00a0<ins>efficienza e flessibilit\u00e0<\/ins>\u00a0, migliora la capacit\u00e0 polmonare e favorisce un miglioramento della coordinazione motoria. La pallanuoto \u00e8 uno sport che fa gruppo e che incide sulla crescita del ragazzo per quanto riguarda il rispetto delle regole, e il rispetto assoluto del compagno e dell'avversario.<\/p><p>Dedicati a bambini d'et\u00e0 superiore ai 6 anni con una buona tecnica Dorso e Stile Libero.<br> Indispensabile il perfezionamento dello stile Rana ed in particolare la tecnica di galleggiamento verticale, ottenuto grazie al potenziamento del colpo di gambe a \"bicicletta\" (gambe rana in posizione verticale).<br> L'interesse principale dei corsi di pallanuoto \u00e8 la presenza del pallone, attrezzo affascinante per i piccoli atleti ma anche per gli adulti attratti dal gioco di squadra.<\/p><p><a href=\"http:\/\/www.dinamicassd.it\/chieri\/wp-content\/uploads\/2017\/08\/SCUOLA-PALLANUOTO-rev4-31-08-17.jpg\"><img class=\"aligncenter size-large wp-image-1985\" src=\"http:\/\/www.dinamicassd.it\/chieri\/wp-content\/uploads\/2017\/08\/SCUOLA-PALLANUOTO-rev4-31-08-17-1024x723.jpg\" alt=\"Volanti Piscina di Susa Scuola di Pallanuoto Valido fino a Giugno 2018\" width=\"1024\" height=\"723\"><\/a><\/p>","_et_gb_content_width":"","ngg_post_thumbnail":0,"footnotes":""},"class_list":["post-1894","page","type-page","status-publish","hentry"],"_links":{"self":[{"href":"https:\/\/www.dinamicassd.it\/chieri\/wp-json\/wp\/v2\/pages\/1894","targetHints":{"allow":["GET"]}}],"collection":[{"href":"https:\/\/www.dinamicassd.it\/chieri\/wp-json\/wp\/v2\/pages"}],"about":[{"href":"https:\/\/www.dinamicassd.it\/chieri\/wp-json\/wp\/v2\/types\/page"}],"author":[{"embeddable":true,"href":"https:\/\/www.dinamicassd.it\/chieri\/wp-json\/wp\/v2\/users\/1"}],"replies":[{"embeddable":true,"href":"https:\/\/www.dinamicassd.it\/chieri\/wp-json\/wp\/v2\/comments?post=1894"}],"version-history":[{"count":8,"href":"https:\/\/www.dinamicassd.it\/chieri\/wp-json\/wp\/v2\/pages\/1894\/revisions"}],"predecessor-version":[{"id":51376,"href":"https:\/\/www.dinamicassd.it\/chieri\/wp-json\/wp\/v2\/pages\/1894\/revisions\/51376"}],"up":[{"embeddable":true,"href":"https:\/\/www.dinamicassd.it\/chieri\/wp-json\/wp\/v2\/pages\/1846"}],"wp:attachment":[{"href":"https:\/\/www.dinamicassd.it\/chieri\/wp-json\/wp\/v2\/media?parent=1894"}],"curies":[{"name":"wp","href":"https:\/\/api.w.org\/{rel}","templated":true}]}}