{"id":1892,"date":"2017-08-27T18:26:03","date_gmt":"2017-08-27T16:26:03","guid":{"rendered":"http:\/\/www.dinamicassd.it\/chieri\/?page_id=1892"},"modified":"2025-09-01T13:35:00","modified_gmt":"2025-09-01T11:35:00","slug":"propaganda-nuoto-agonistico","status":"publish","type":"page","link":"https:\/\/www.dinamicassd.it\/chieri\/attivita-gruppo\/propaganda-nuoto-agonistico\/","title":{"rendered":"Propaganda Nuoto Agonistico"},"content":{"rendered":"<p>[et_pb_section fb_built=&#8221;1&#8243; fullwidth=&#8221;on&#8221; _builder_version=&#8221;4.16&#8243; global_colors_info=&#8221;{}&#8221;][et_pb_fullwidth_header title=&#8221;Propaganda Nuoto Agonistico&#8221; subhead=&#8221;Il primo passo verso la competizione&#8221; text_orientation=&#8221;center&#8221; content_max_width=&#8221;none&#8221; title_font_color=&#8221;#ffffff&#8221; subhead_font_color=&#8221;#ffc023&#8243; _builder_version=&#8221;4.16&#8243; title_font=&#8221;Montserrat||||&#8221; title_text_color=&#8221;#ffffff&#8221; title_font_size=&#8221;60px&#8221; content_font_size=&#8221;23px&#8221; subhead_text_color=&#8221;#ffc023&#8243; subhead_font_size=&#8221;30px&#8221; background_color=&#8221;rgba(232,232,232,0.73)&#8221; background_image=&#8221;http:\/\/www.dinamicassd.it\/chieri\/wp-content\/uploads\/2021\/03\/Giova_Manu-e1615829541949.jpeg&#8221; background_layout=&#8221;light&#8221; title_font_size_tablet=&#8221;30px&#8221; title_font_size_phone=&#8221;&#8221; title_font_size_last_edited=&#8221;on|desktop&#8221; content_font_size_tablet=&#8221;18px&#8221; content_font_size_phone=&#8221;&#8221; content_font_size_last_edited=&#8221;on|phone&#8221; subhead_font_size_tablet=&#8221;24px&#8221; subhead_font_size_phone=&#8221;18px&#8221; subhead_font_size_last_edited=&#8221;on|phone&#8221; button_one_letter_spacing_hover=&#8221;0&#8243; button_two_letter_spacing_hover=&#8221;0&#8243; global_colors_info=&#8221;{}&#8221; button_one_text_size__hover_enabled=&#8221;off&#8221; button_one_text_size__hover=&#8221;null&#8221; button_two_text_size__hover_enabled=&#8221;off&#8221; button_two_text_size__hover=&#8221;null&#8221; button_one_text_color__hover_enabled=&#8221;off&#8221; button_one_text_color__hover=&#8221;null&#8221; button_two_text_color__hover_enabled=&#8221;off&#8221; button_two_text_color__hover=&#8221;null&#8221; button_one_border_width__hover_enabled=&#8221;off&#8221; button_one_border_width__hover=&#8221;null&#8221; button_two_border_width__hover_enabled=&#8221;off&#8221; button_two_border_width__hover=&#8221;null&#8221; button_one_border_color__hover_enabled=&#8221;off&#8221; button_one_border_color__hover=&#8221;null&#8221; button_two_border_color__hover_enabled=&#8221;off&#8221; button_two_border_color__hover=&#8221;null&#8221; button_one_border_radius__hover_enabled=&#8221;off&#8221; button_one_border_radius__hover=&#8221;null&#8221; button_two_border_radius__hover_enabled=&#8221;off&#8221; button_two_border_radius__hover=&#8221;null&#8221; button_one_letter_spacing__hover_enabled=&#8221;on&#8221; button_one_letter_spacing__hover=&#8221;0&#8243; button_two_letter_spacing__hover_enabled=&#8221;on&#8221; button_two_letter_spacing__hover=&#8221;0&#8243; button_one_bg_color__hover_enabled=&#8221;off&#8221; button_one_bg_color__hover=&#8221;null&#8221; button_two_bg_color__hover_enabled=&#8221;off&#8221; button_two_bg_color__hover=&#8221;null&#8221;][\/et_pb_fullwidth_header][\/et_pb_section][et_pb_section fb_built=&#8221;1&#8243; _builder_version=&#8221;4.16&#8243; global_colors_info=&#8221;{}&#8221;][et_pb_row column_structure=&#8221;2_3,1_3&#8243; _builder_version=&#8221;4.16&#8243; background_size=&#8221;initial&#8221; background_position=&#8221;top_left&#8221; background_repeat=&#8221;repeat&#8221; global_colors_info=&#8221;{}&#8221;][et_pb_column type=&#8221;2_3&#8243; _builder_version=&#8221;4.16&#8243; custom_padding=&#8221;|||&#8221; global_colors_info=&#8221;{}&#8221; custom_padding__hover=&#8221;|||&#8221;][et_pb_text _builder_version=&#8221;4.16&#8243; background_color=&#8221;#fafafa&#8221; text_orientation=&#8221;justified&#8221; custom_padding=&#8221;10px|20px|10px|20px&#8221; border_width_all=&#8221;0px&#8221; border_color_all=&#8221;#161616&#8243; border_style_all=&#8221;solid&#8221; use_border_color=&#8221;on&#8221; border_color=&#8221;#161616&#8243; border_style=&#8221;solid&#8221; global_colors_info=&#8221;{}&#8221;]<\/p>\n<p>\nLe attivit\u00e0 divulgative del settore Propaganda delle diverse federazioni (FIN, UISP) sono rivolte agli allievi non agonisti delle societ\u00e0 affiliate.<\/p>\n<p>La Squadra Propaganda \u00e8 un settore intermedio che fa da collante tra la scuola nuoto, il cui fine \u00e8 l&#8217;insegnamento del nuoto, e la squadra agonistica, la massima espressione della pratica sportiva.<br \/>\nNella squadra propaganda ci sono diversi gruppi, omogenei per et\u00e0 e caratteristiche. Questo fa si che ogni \u201catleta\u201d intraprenda un percorso di apprendimento ludico-motorio specifico per la sua et\u00e0 volto al miglioramento delle sue tecniche natatorie e all\u2019apprendimento dei primi fondamentali del nuoto agonistico. In questo gruppo certamente l\u2019allievo trover\u00e0 stimoli e potr\u00e0 raggiungere il bagaglio tecnico adeguato all\u2019ingresso nel settore agonistico.<\/p>\n<p>L&#8217;et\u00e0 consigliata per intraprendere questa attivit\u00e0 \u00e8 tra i 5 e gli 8 anni, \u00e8 necessario aver gi\u00e0 acquisito una buona confidenza con l&#8217;acqua.<\/p>\n<p>[\/et_pb_text][et_pb_image src=&#8221;http:\/\/www.dinamicassd.it\/chieri\/wp-content\/uploads\/2022\/10\/PROPAGANDA-2021-copia.png&#8221; title_text=&#8221;PROPAGANDA 2021 copia&#8221; align_tablet=&#8221;center&#8221; align_phone=&#8221;&#8221; align_last_edited=&#8221;on|desktop&#8221; disabled_on=&#8221;on|on|on&#8221; _builder_version=&#8221;4.27.4&#8243; animation_style=&#8221;slide&#8221; animation_direction=&#8221;left&#8221; animation_duration=&#8221;500ms&#8221; animation_intensity_slide=&#8221;10%&#8221; hover_enabled=&#8221;0&#8243; border_color_all=&#8221;#000000&#8243; use_border_color=&#8221;on&#8221; global_colors_info=&#8221;{}&#8221; disabled=&#8221;on&#8221; sticky_enabled=&#8221;0&#8243;][\/et_pb_image][et_pb_text disabled_on=&#8221;on|on|on&#8221; _builder_version=&#8221;4.27.4&#8243; hover_enabled=&#8221;0&#8243; global_colors_info=&#8221;{}&#8221; disabled=&#8221;on&#8221; sticky_enabled=&#8221;0&#8243;]<\/p>\n<div class='w3eden'><div class=\"panel panel-default\">\n    <div class=\"panel-body\">\n \n    <div class=\"media\">\n        <div class=\"pull-left\"><img decoding=\"async\" class=\"wpdm_icon\" alt=\"Icona\"   src=\"https:\/\/www.dinamicassd.it\/chieri\/wp-content\/plugins\/download-manager\/assets\/file-type-icons\/pdf.svg\" \/><\/div>\n        <div class=\"media-body\"><strong class=\"ptitle\"><a href=\"https:\/\/www.dinamicassd.it\/chieri\/download\/volantino-propaganda-stagione-2021-22\/?wpdmdl=50658&refresh=69deb7f4dbb601776203764\">Volantino Propaganda stagione 2022-23<\/a><\/strong>\n            <p>Scarica il Volantino Propaganda stagione 2022-23<\/p>\n\n            <div><strong><a class='wpdm-download-link download-on-click btn btn-primary '  rel='nofollow' href='#' data-downloadurl=\"https:\/\/www.dinamicassd.it\/chieri\/download\/volantino-propaganda-stagione-2021-22\/?wpdmdl=50658&refresh=69deb7f4dbb601776203764\">Download<\/a><\/strong><\/div>\n        <\/div>\n    <\/div>\n \n \n    <\/div>\n    <div class=\"panel-footer\"><span class=\"pull-right\">2052 downloads<\/span> - 2.03 MB<\/div>\n<\/div><\/div>\n<p>[\/et_pb_text][\/et_pb_column][et_pb_column type=&#8221;1_3&#8243; _builder_version=&#8221;4.16&#8243; custom_padding=&#8221;|||&#8221; global_colors_info=&#8221;{}&#8221; custom_padding__hover=&#8221;|||&#8221;][et_pb_sidebar orientation=&#8221;right&#8221; area=&#8221;et_pb_widget_area_3&#8243; disabled_on=&#8221;off|off|off&#8221; _builder_version=&#8221;4.16&#8243; global_colors_info=&#8221;{}&#8221;][\/et_pb_sidebar][\/et_pb_column][\/et_pb_row][\/et_pb_section]<\/p>\n","protected":false},"excerpt":{"rendered":"<p>Le attivit\u00e0 divulgative del settore Propaganda delle diverse federazioni (FIN, UISP) sono rivolte agli allievi non agonisti delle societ\u00e0 affiliate. La Squadra Propaganda \u00e8 un settore intermedio che fa da collante tra la scuola nuoto, il cui fine \u00e8 l&#8217;insegnamento del nuoto, e la squadra agonistica, la massima espressione della pratica sportiva. Nella squadra propaganda [&hellip;]<\/p>\n","protected":false},"author":1,"featured_media":0,"parent":1846,"menu_order":0,"comment_status":"closed","ping_status":"closed","template":"","meta":{"_et_pb_use_builder":"on","_et_pb_old_content":"<p>Le attivit\u00e0 divulgative del settore Propaganda delle diverse federazioni (FIN, UISP, ACLI) sono rivolte agli allievi non agonisti delle societ\u00e0 affiliate.<\/p><p>La Squadra Propaganda \u00e8 un settore intermedio che fa da collante tra la scuola nuoto, il cui fine \u00e8 l'insegnamento del nuoto, e la squadra agonistica, la massima espressione della pratica sportiva.<br> Nella squadra propaganda ci sono diversi gruppi, omogenei per et\u00e0 e caratteristiche. Questo fa si che ogni \u201catleta\u201d intraprenda un percorso di apprendimento ludico-motorio specifico per la sua et\u00e0 volto al miglioramento delle sue tecniche natatorie e all\u2019apprendimento dei primi fondamentali del nuoto agonistico. In questo gruppo certamente l\u2019allievo trover\u00e0 stimoli e potr\u00e0 raggiungere il bagaglio tecnico adeguato all\u2019ingresso nel settore agonistico.<\/p><p>L'et\u00e0 consigliata per intraprendere questa attivit\u00e0 \u00e8 tra i 5 e gli 8 anni, \u00e8 necessario aver gi\u00e0 acquisito una buona confidenza con l'acqua.<\/p><p><a href=\"http:\/\/www.dinamicassd.it\/chieri\/wp-content\/uploads\/2017\/08\/PROPAGANDA-rev7-31-08-17.jpg\"><img class=\"aligncenter size-large wp-image-1983\" src=\"http:\/\/www.dinamicassd.it\/chieri\/wp-content\/uploads\/2017\/08\/PROPAGANDA-rev7-31-08-17-1024x723.jpg\" alt=\"Volantino Piscina di Susa Propaganda Nuoto Agonistico valido fino a Giugno 2018\" width=\"1024\" height=\"723\"><\/a><\/p>","_et_gb_content_width":"","ngg_post_thumbnail":0,"footnotes":""},"class_list":["post-1892","page","type-page","status-publish","hentry"],"_links":{"self":[{"href":"https:\/\/www.dinamicassd.it\/chieri\/wp-json\/wp\/v2\/pages\/1892","targetHints":{"allow":["GET"]}}],"collection":[{"href":"https:\/\/www.dinamicassd.it\/chieri\/wp-json\/wp\/v2\/pages"}],"about":[{"href":"https:\/\/www.dinamicassd.it\/chieri\/wp-json\/wp\/v2\/types\/page"}],"author":[{"embeddable":true,"href":"https:\/\/www.dinamicassd.it\/chieri\/wp-json\/wp\/v2\/users\/1"}],"replies":[{"embeddable":true,"href":"https:\/\/www.dinamicassd.it\/chieri\/wp-json\/wp\/v2\/comments?post=1892"}],"version-history":[{"count":9,"href":"https:\/\/www.dinamicassd.it\/chieri\/wp-json\/wp\/v2\/pages\/1892\/revisions"}],"predecessor-version":[{"id":51377,"href":"https:\/\/www.dinamicassd.it\/chieri\/wp-json\/wp\/v2\/pages\/1892\/revisions\/51377"}],"up":[{"embeddable":true,"href":"https:\/\/www.dinamicassd.it\/chieri\/wp-json\/wp\/v2\/pages\/1846"}],"wp:attachment":[{"href":"https:\/\/www.dinamicassd.it\/chieri\/wp-json\/wp\/v2\/media?parent=1892"}],"curies":[{"name":"wp","href":"https:\/\/api.w.org\/{rel}","templated":true}]}}