{"id":1880,"date":"2017-08-27T18:00:36","date_gmt":"2017-08-27T16:00:36","guid":{"rendered":"http:\/\/www.dinamicassd.it\/chieri\/?page_id=1880"},"modified":"2017-09-03T18:58:36","modified_gmt":"2017-09-03T16:58:36","slug":"ginnastica-posturale","status":"publish","type":"page","link":"https:\/\/www.dinamicassd.it\/chieri\/benessere-del-corpo\/ginnastica-posturale\/","title":{"rendered":"Ginnastica posturale"},"content":{"rendered":"<p>[et_pb_section bb_built=&#8221;1&#8243; fullwidth=&#8221;on&#8221; specialty=&#8221;off&#8221; _builder_version=&#8221;3.0.69&#8243;][et_pb_fullwidth_header _builder_version=&#8221;3.0.69&#8243; title=&#8221;Ginnastica Posturale&#8221; background_color=&#8221;rgba(232,232,232,0.73)&#8221; text_orientation=&#8221;justified&#8221; header_fullscreen=&#8221;off&#8221; header_scroll_down=&#8221;off&#8221; image_orientation=&#8221;center&#8221; background_layout=&#8221;light&#8221; content_orientation=&#8221;center&#8221; title_font_color=&#8221;#020472&#8243; title_font_size_last_edited=&#8221;on|desktop&#8221; custom_button_one=&#8221;off&#8221; button_one_letter_spacing=&#8221;0&#8243; button_one_icon_placement=&#8221;right&#8221; button_one_letter_spacing_hover=&#8221;0&#8243; custom_button_two=&#8221;off&#8221; button_two_letter_spacing=&#8221;0&#8243; button_two_icon_placement=&#8221;right&#8221; button_two_letter_spacing_hover=&#8221;0&#8243; title_font_size=&#8221;60px&#8221; title_font_size_tablet=&#8221;30px&#8221; subhead=&#8221;Quando abbiamo bisogno di un dolce massaggio&#8221; background_image=&#8221;https:\/\/www.dinamicassd.it\/chieri\/wp-content\/uploads\/2017\/08\/GINNASTICA-POSTURALE.jpg&#8221; subhead_font_color=&#8221;#ff2b23&#8243; title_font=&#8221;Montserrat||||&#8221; content_font_size_last_edited=&#8221;on|phone&#8221; subhead_font_size_last_edited=&#8221;on|phone&#8221; content_font_size=&#8221;23px&#8221; content_font_size_tablet=&#8221;18px&#8221; subhead_font_size=&#8221;30px&#8221; subhead_font_size_tablet=&#8221;24px&#8221; subhead_font_size_phone=&#8221;18px&#8221; \/][\/et_pb_section][et_pb_section bb_built=&#8221;1&#8243; _builder_version=&#8221;3.0.69&#8243;][et_pb_row][et_pb_column type=&#8221;2_3&#8243;][et_pb_text _builder_version=&#8221;3.0.69&#8243; background_color=&#8221;#fafafa&#8221; background_layout=&#8221;light&#8221; text_orientation=&#8221;justified&#8221; use_border_color=&#8221;on&#8221; border_color=&#8221;#161616&#8243; border_style=&#8221;solid&#8221; custom_padding=&#8221;10px|20px|10px|20px&#8221;]<\/p>\n<p>Quando si manifesta un problema, un dolore o un disturbo di qualsiasi tipo, a qualsiasi livello, il nostro corpo trova una via di fuga, un altro modo per poter continuare a svolgere le sue attivit\u00e0 in economia; un compenso a discapito dell&#8217;equilibrio.<\/p>\n<p>Nel momento in cui non riesce pi\u00f9 a sfuggire attraverso l&#8217;elaborazione di compensi, compaiono dolori. Il dolore pu\u00f2 manifestarsi a un ginocchio e la causa risiedere nell&#8217;articolazione Sacro-<wbr>Iliaca, o altrove. Il rischio \u00e8 quello di fare terapia per un sintomo senza riuscire a trattare la causa con la possibilit\u00e0 che si manifestano ulteriori recidive. La Rieducazione Posturale soprattutto in acqua, permette di smascherare le strategie di compenso del corpo umano e di riequilibrarle con stimoli adeguatamente studiati.<\/p>\n<p>Non si tratta di esercizi analitici ma di attivit\u00e0 controllata e specifica per le necessit\u00e0 manifestate da ogni singolo individuo.In acqua si ottengono migliori risultati per la ridotta incidenza della forza peso, cos\u00ec da inibire gli atteggiamenti di difesa che in presenza di dolori il corpo umano adotta proprio per necessit\u00e0 funzionale.<\/p>\n<p>I vantaggi della ginnastica posturale<\/p>\n<p><span class=\"fs26 ff1 cf3\">\u2022 &nbsp;Migliorare la percezione del proprio corpo con esercizi di equilibrio, propriocezione e rinforzo.<br \/>\n\u2022 &nbsp;Migliorare la mobilit\u00e0 articolare con esercizi di mobilizzazione.<br \/>\n\u2022 &nbsp;Migliorare l\u2019elasticit\u00e0 con esercizi di stretching.<br \/>\n\u2022 &nbsp;Migliorare l\u2019azione dei muscoli posturali attraverso posture e la respirazione.<\/span><\/p>\n<p>[\/et_pb_text][et_pb_image _builder_version=&#8221;3.0.69&#8243; show_in_lightbox=&#8221;off&#8221; url_new_window=&#8221;off&#8221; use_overlay=&#8221;off&#8221; sticky=&#8221;off&#8221; align=&#8221;left&#8221; always_center_on_mobile=&#8221;on&#8221; border_style=&#8221;solid&#8221; force_fullwidth=&#8221;off&#8221; use_border_color=&#8221;on&#8221; border_color=&#8221;#000000&#8243; src=&#8221;https:\/\/www.dinamicassd.it\/chieri\/wp-content\/uploads\/2017\/08\/GINNASTICA-POSTURALE-rev3-31-08-17.jpg&#8221; \/][et_pb_text _builder_version=&#8221;3.0.69&#8243; background_layout=&#8221;light&#8221; text_orientation=&#8221;left&#8221; border_style=&#8221;solid&#8221;] <div class='w3eden'><div class=\"panel panel-default\">\n    <div class=\"panel-body\">\n \n    <div class=\"media\">\n        <div class=\"pull-left\"><img decoding=\"async\" class=\"wpdm_icon\" alt=\"Icona\"   src=\"https:\/\/www.dinamicassd.it\/chieri\/wp-content\/plugins\/download-manager\/assets\/file-type-icons\/pdf.png\" \/><\/div>\n        <div class=\"media-body\"><strong class=\"ptitle\"><a href=\"https:\/\/www.dinamicassd.it\/chieri\/download\/volantino-ginnastica-posturale\/?wpdmdl=2216&refresh=6a01ed4d7a6bb1778511181\">Volantino Ginnastica Posturale<\/a><\/strong>\n            <p>Scarica il volantino della Ginnastica Posturale<\/p>\n\n            <div><strong><a class='wpdm-download-link download-on-click btn btn-primary '  rel='nofollow' href='#' data-downloadurl=\"https:\/\/www.dinamicassd.it\/chieri\/download\/volantino-ginnastica-posturale\/?wpdmdl=2216&refresh=6a01ed4d7a6bb1778511181\">Download<\/a><\/strong><\/div>\n        <\/div>\n    <\/div>\n \n \n    <\/div>\n    <div class=\"panel-footer\"><span class=\"pull-right\">4330 downloads<\/span> - 949.24 KB<\/div>\n<\/div><\/div> [\/et_pb_text][\/et_pb_column][et_pb_column type=&#8221;1_3&#8243;][et_pb_sidebar _builder_version=&#8221;3.0.69&#8243; area=&#8221;et_pb_widget_area_2&#8243; orientation=&#8221;right&#8221; background_layout=&#8221;light&#8221; \/][\/et_pb_column][\/et_pb_row][\/et_pb_section]<\/p>\n","protected":false},"excerpt":{"rendered":"<p><div class=\"et_pb_row et_pb_row_0 et_pb_row_empty\">\n\t\t\t\t\n\t\t\t\t\n\t\t\t\t\n\t\t\t\t\n\t\t\t\t\n\t\t\t<\/div> Quando si manifesta un problema, un dolore o un disturbo di qualsiasi tipo, a qualsiasi livello, il nostro corpo trova una via di fuga, un altro modo per poter continuare a svolgere le sue attivit\u00e0 in economia; un compenso a discapito dell&#8217;equilibrio. Nel momento in cui non riesce pi\u00f9 a sfuggire attraverso l&#8217;elaborazione di [&hellip;]<\/p>\n","protected":false},"author":1,"featured_media":0,"parent":1842,"menu_order":1,"comment_status":"closed","ping_status":"closed","template":"","meta":{"_et_pb_use_builder":"on","_et_pb_old_content":"<p>Quando si manifesta un problema, un dolore o un disturbo di qualsiasi tipo, a qualsiasi livello, il nostro corpo trova una via di fuga, un altro modo per poter continuare a svolgere le sue attivit\u00e0 in economia; un compenso a discapito dell'equilibrio.<\/p><p>Nel momento in cui non riesce pi\u00f9 a sfuggire attraverso l'elaborazione di compensi, compaiono dolori. Il dolore pu\u00f2 manifestarsi a un ginocchio e la causa risiedere nell'articolazione Sacro-<wbr>Iliaca, o altrove. Il rischio \u00e8 quello di fare terapia per un sintomo senza riuscire a trattare la causa con la possibilit\u00e0 che si manifestano ulteriori recidive. La Rieducazione Posturale soprattutto in acqua, permette di smascherare le strategie di compenso del corpo umano e di riequilibrarle con stimoli adeguatamente studiati.<\/p><p>Non si tratta di esercizi analitici ma di attivit\u00e0 controllata e specifica per le necessit\u00e0 manifestate da ogni singolo individuo.In acqua si ottengono migliori risultati per la ridotta incidenza della forza peso, cos\u00ec da inibire gli atteggiamenti di difesa che in presenza di dolori il corpo umano adotta proprio per necessit\u00e0 funzionale.<\/p><p>I vantaggi della ginnastica posturale<\/p><p><span class=\"fs26 ff1 cf3\">\u2022 \u00a0Migliorare la percezione del proprio corpo con esercizi di equilibrio, propriocezione e rinforzo.<br> \u2022 \u00a0Migliorare la mobilit\u00e0 articolare con esercizi di mobilizzazione.<br> \u2022 \u00a0Migliorare l\u2019elasticit\u00e0 con esercizi di stretching.<br> \u2022 \u00a0Migliorare l\u2019azione dei muscoli posturali attraverso posture e la respirazione.<\/span><\/p><p><a href=\"http:\/\/www.dinamicassd.it\/chieri\/wp-content\/uploads\/2017\/08\/GINNASTICA-POSTURALE-rev3-31-08-17.jpg\"><img class=\"aligncenter size-large wp-image-1974\" src=\"http:\/\/www.dinamicassd.it\/chieri\/wp-content\/uploads\/2017\/08\/GINNASTICA-POSTURALE-rev3-31-08-17-724x1024.jpg\" alt=\"Volantino Piscina di Susa Ginnastica Posturale valido fino a Giugno 2018\" width=\"724\" height=\"1024\"><\/a><\/p>","_et_gb_content_width":"","ngg_post_thumbnail":0,"footnotes":""},"class_list":["post-1880","page","type-page","status-publish","hentry"],"_links":{"self":[{"href":"https:\/\/www.dinamicassd.it\/chieri\/wp-json\/wp\/v2\/pages\/1880","targetHints":{"allow":["GET"]}}],"collection":[{"href":"https:\/\/www.dinamicassd.it\/chieri\/wp-json\/wp\/v2\/pages"}],"about":[{"href":"https:\/\/www.dinamicassd.it\/chieri\/wp-json\/wp\/v2\/types\/page"}],"author":[{"embeddable":true,"href":"https:\/\/www.dinamicassd.it\/chieri\/wp-json\/wp\/v2\/users\/1"}],"replies":[{"embeddable":true,"href":"https:\/\/www.dinamicassd.it\/chieri\/wp-json\/wp\/v2\/comments?post=1880"}],"version-history":[{"count":3,"href":"https:\/\/www.dinamicassd.it\/chieri\/wp-json\/wp\/v2\/pages\/1880\/revisions"}],"predecessor-version":[{"id":2363,"href":"https:\/\/www.dinamicassd.it\/chieri\/wp-json\/wp\/v2\/pages\/1880\/revisions\/2363"}],"up":[{"embeddable":true,"href":"https:\/\/www.dinamicassd.it\/chieri\/wp-json\/wp\/v2\/pages\/1842"}],"wp:attachment":[{"href":"https:\/\/www.dinamicassd.it\/chieri\/wp-json\/wp\/v2\/media?parent=1880"}],"curies":[{"name":"wp","href":"https:\/\/api.w.org\/{rel}","templated":true}]}}