{"id":1859,"date":"2017-08-27T16:33:29","date_gmt":"2017-08-27T14:33:29","guid":{"rendered":"http:\/\/www.dinamicassd.it\/chieri\/?page_id=1859"},"modified":"2025-09-01T12:46:03","modified_gmt":"2025-09-01T10:46:03","slug":"scuola-nuoto-adulti","status":"publish","type":"page","link":"https:\/\/www.dinamicassd.it\/chieri\/scuola-nuoto\/scuola-nuoto-adulti\/","title":{"rendered":"Scuola Nuoto e Perfezionamento Adulti"},"content":{"rendered":"<p>[et_pb_section fb_built=&#8221;1&#8243; fullwidth=&#8221;on&#8221; _builder_version=&#8221;4.16&#8243; global_colors_info=&#8221;{}&#8221;][et_pb_fullwidth_header title=&#8221;Scuola Nuoto e Perfezionamento Adulti&#8221; subhead=&#8221;Per imparare, progredire e perfezionare il Nuoto&#8221; text_orientation=&#8221;center&#8221; content_max_width=&#8221;none&#8221; title_font_color=&#8221;#020472&#8243; subhead_font_color=&#8221;#ff2b23&#8243; _builder_version=&#8221;4.16&#8243; title_font=&#8221;Montserrat||||&#8221; title_text_color=&#8221;#020472&#8243; title_font_size=&#8221;60px&#8221; content_font_size=&#8221;23px&#8221; subhead_text_color=&#8221;#ff2b23&#8243; subhead_font_size=&#8221;30px&#8221; background_color=&#8221;rgba(232,232,232,0.73)&#8221; background_image=&#8221;https:\/\/www.dinamicassd.it\/chieri\/wp-content\/uploads\/2017\/08\/FondoAcquaTrasp.jpg&#8221; background_layout=&#8221;light&#8221; title_font_size_tablet=&#8221;30px&#8221; title_font_size_phone=&#8221;&#8221; title_font_size_last_edited=&#8221;on|desktop&#8221; content_font_size_tablet=&#8221;18px&#8221; content_font_size_phone=&#8221;&#8221; content_font_size_last_edited=&#8221;on|phone&#8221; subhead_font_size_tablet=&#8221;24px&#8221; subhead_font_size_phone=&#8221;18px&#8221; subhead_font_size_last_edited=&#8221;on|phone&#8221; button_one_letter_spacing_hover=&#8221;0&#8243; button_two_letter_spacing_hover=&#8221;0&#8243; global_colors_info=&#8221;{}&#8221; button_one_text_size__hover_enabled=&#8221;off&#8221; button_one_text_size__hover=&#8221;null&#8221; button_two_text_size__hover_enabled=&#8221;off&#8221; button_two_text_size__hover=&#8221;null&#8221; button_one_text_color__hover_enabled=&#8221;off&#8221; button_one_text_color__hover=&#8221;null&#8221; button_two_text_color__hover_enabled=&#8221;off&#8221; button_two_text_color__hover=&#8221;null&#8221; button_one_border_width__hover_enabled=&#8221;off&#8221; button_one_border_width__hover=&#8221;null&#8221; button_two_border_width__hover_enabled=&#8221;off&#8221; button_two_border_width__hover=&#8221;null&#8221; button_one_border_color__hover_enabled=&#8221;off&#8221; button_one_border_color__hover=&#8221;null&#8221; button_two_border_color__hover_enabled=&#8221;off&#8221; button_two_border_color__hover=&#8221;null&#8221; button_one_border_radius__hover_enabled=&#8221;off&#8221; button_one_border_radius__hover=&#8221;null&#8221; button_two_border_radius__hover_enabled=&#8221;off&#8221; button_two_border_radius__hover=&#8221;null&#8221; button_one_letter_spacing__hover_enabled=&#8221;on&#8221; button_one_letter_spacing__hover=&#8221;0&#8243; button_two_letter_spacing__hover_enabled=&#8221;on&#8221; button_two_letter_spacing__hover=&#8221;0&#8243; button_one_bg_color__hover_enabled=&#8221;off&#8221; button_one_bg_color__hover=&#8221;null&#8221; button_two_bg_color__hover_enabled=&#8221;off&#8221; button_two_bg_color__hover=&#8221;null&#8221;][\/et_pb_fullwidth_header][\/et_pb_section][et_pb_section fb_built=&#8221;1&#8243; _builder_version=&#8221;4.16&#8243; global_colors_info=&#8221;{}&#8221;][et_pb_row column_structure=&#8221;2_3,1_3&#8243; _builder_version=&#8221;4.16&#8243; background_size=&#8221;initial&#8221; background_position=&#8221;top_left&#8221; background_repeat=&#8221;repeat&#8221; global_colors_info=&#8221;{}&#8221;][et_pb_column type=&#8221;2_3&#8243; _builder_version=&#8221;4.16&#8243; custom_padding=&#8221;|||&#8221; global_colors_info=&#8221;{}&#8221; custom_padding__hover=&#8221;|||&#8221;][et_pb_text _builder_version=&#8221;4.16&#8243; background_color=&#8221;#fafafa&#8221; text_orientation=&#8221;justified&#8221; custom_padding=&#8221;10px|20px|10px|20px&#8221; border_width_all=&#8221;0px&#8221; border_color_all=&#8221;#161616&#8243; border_style_all=&#8221;solid&#8221; use_border_color=&#8221;on&#8221; border_color=&#8221;#161616&#8243; border_style=&#8221;solid&#8221; global_colors_info=&#8221;{}&#8221;]<\/p>\n<p>\nIl corso di nuoto adulti \u00e8 un ottimo modo per imparare a nuotare, perfezionarsi e mantenersi in forma.<br \/>\nGli allievi sono suddivisi a seconda del loro livello, in modo tale da garantire la possibilit\u00e0 di progredire in un gruppo omogeneo, mirando a soddisfare sia l&#8217;esigenza tecnica che quella ricreativa, cercando di trascorrere 50 minuti in totale serenit\u00e0 e allegria.<\/p>\n<p>I corsi nuoto adulti sono aperti a tutti dai 13 ai 99 anni, non ci sono limiti d\u2019et\u00e0 per cominciare a nuotare! Il nuoto \u00e8 un\u2019attivit\u00e0 fisica ideale per tutti coloro che vogliono tenersi in forma senza rischi, infatti, non ha nessuna controindicazione tranne le intolleranze al cloro e le patologie temporanee quali otite o malattie da raffreddamento.<\/p>\n<p>Le persone che si iscrivono ad un corso di nuoto non hanno ovviamente tutte le stesse capacit\u00e0 per cui sono stati studiati diversi percorsi a partire&nbsp;da che si avvicina all\u2019acqua per la prima volta prefiggendosi di arrivare al galleggiamento autonomo fino al perfezionamento stilistico dei quattro stili.&nbsp;Durante il corso saranno svolte lezioni mirate al rilassamento corporeo, al controllo della respirazione e alla battuta di gambe.<\/p>\n<p>Lo stesso corso sar\u00e0 adatto a chi galleggia prono e supino, a chi si sposta autonomamente in acqua alta e a chi immerge la testa in acqua, anche se non ha mai partecipato a un corso di nuoto o non ha nessuna nozione di tecnica. Attraverso questo corso migliorerai le tecniche di respirazione e perfezionerai la coordinazione con l&#8217;obiettivo di iniziare a destreggiarti con lo&nbsp;<strong>stile libero<\/strong>, con il<strong>&nbsp;dorso<\/strong>&nbsp;e magari anche con la<strong>&nbsp;rana.<\/strong><\/p>\n<p>Per tutti coloro che gi\u00e0 conoscono almeno tre stili, che hanno una sufficiente capacit\u00e0 natatorie e che hanno gi\u00e0 partecipato a corsi nuoto in passato; si aprono le porte ad un livello intermedio che si prefigge di perfezionare tutti gli stili del nuoto e farti acquisire una discreta tecnica in tutti e quattro gli stili, lavorando con esercizi e ausili didattici specifici.<\/p>\n<p>Raggiunto un buon livello di acquaticit\u00e0 e dimostrando di sapersi destreggiare nei diversi stili, si potr\u00e0 lavorare sul perfezionamento dei quattro stili, sviluppando resistenza e controllo delle andature per raggiungere un&nbsp;<strong>alto livello di allenamento<\/strong>.<\/p>\n<p>Tutte le fasi del corso di nuoto per adulti sono adatte per affinare doti, acquisire capacit\u00e0 ed allenare il corpo ma non sar\u00e0 mai messo in secondo piani uno degli obiettivi principali dell&#8217;attivit\u00e0 fisica che \u00e8 il benessere del corpo e il benessere della mente per cui il divertimento e la sconfitta dello stress saranno uno degli obiettivi principali.<\/p>\n<p>[\/et_pb_text][et_pb_image src=&#8221;http:\/\/www.dinamicassd.it\/chieri\/wp-content\/uploads\/2022\/10\/SCUOLA-NUOTO-ADULTI-2022-3.png&#8221; title_text=&#8221;SCUOLA NUOTO ADULTI 2022-3&#8243; disabled_on=&#8221;on|on|on&#8221; admin_label=&#8221;Immagine&#8221; _builder_version=&#8221;4.27.0&#8243; _module_preset=&#8221;default&#8221; disabled=&#8221;on&#8221; global_colors_info=&#8221;{}&#8221;][\/et_pb_image][et_pb_image src=&#8221;http:\/\/www.dinamicassd.it\/chieri\/wp-content\/uploads\/2025\/09\/SCUOLA-NUOTO-ADULTI-VOLANTINO_page-0001.jpg&#8221; title_text=&#8221;SCUOLA NUOTO ADULTI &#8211; VOLANTINO_page-0001&#8243; _builder_version=&#8221;4.27.4&#8243; _module_preset=&#8221;default&#8221; hover_enabled=&#8221;0&#8243; global_colors_info=&#8221;{}&#8221; sticky_enabled=&#8221;0&#8243;][\/et_pb_image][et_pb_text disabled_on=&#8221;on|on|on&#8221; _builder_version=&#8221;4.27.0&#8243; _module_preset=&#8221;default&#8221; disabled=&#8221;on&#8221; global_colors_info=&#8221;{}&#8221;]<\/p>\n<div class='w3eden'><div class=\"panel panel-default\">\n    <div class=\"panel-body\">\n \n    <div class=\"media\">\n        <div class=\"pull-left\"><img decoding=\"async\" class=\"wpdm_icon\" alt=\"Icona\"   src=\"https:\/\/www.dinamicassd.it\/chieri\/wp-content\/plugins\/download-manager\/assets\/file-type-icons\/pdf.svg\" \/><\/div>\n        <div class=\"media-body\"><strong class=\"ptitle\"><a href=\"https:\/\/www.dinamicassd.it\/chieri\/download\/volantino-scuola-nuoto-e-perfezionamento-adulti-stagione-2021-22\/?wpdmdl=50637&refresh=69eb8f08116701777045256\">Volantino scuola nuoto e perfezionamento adulti stagione 2022-23<\/a><\/strong>\n            <p>Scarica il Volantino scuola nuoto e perfezionamento adulti stagione 2022-23<\/p>\n\n            <div><strong><a class='wpdm-download-link download-on-click btn btn-primary '  rel='nofollow' href='#' data-downloadurl=\"https:\/\/www.dinamicassd.it\/chieri\/download\/volantino-scuola-nuoto-e-perfezionamento-adulti-stagione-2021-22\/?wpdmdl=50637&refresh=69eb8f08116701777045256\">Download<\/a><\/strong><\/div>\n        <\/div>\n    <\/div>\n \n \n    <\/div>\n    <div class=\"panel-footer\"><span class=\"pull-right\">2344 downloads<\/span> - 1.35 MB<\/div>\n<\/div><\/div>\n<div class='w3eden'><div class=\"panel panel-default\">\n    <div class=\"panel-body\">\n \n    <div class=\"media\">\n        <div class=\"pull-left\"><img decoding=\"async\" class=\"wpdm_icon\" alt=\"Icona\"   src=\"https:\/\/www.dinamicassd.it\/chieri\/wp-content\/plugins\/download-manager\/assets\/file-type-icons\/pdf.svg\" \/><\/div>\n        <div class=\"media-body\"><strong class=\"ptitle\"><a href=\"https:\/\/www.dinamicassd.it\/chieri\/download\/volantino-scuola-nuoto-ragazzi-stagione-2021-22\/?wpdmdl=50642&refresh=69eb8f0824b7d1777045256\">Volantino scuola nuoto ragazzi stagione 2022-23<\/a><\/strong>\n            <p>Scarica il Volantino scuola nuoto ragazzi stagione 2022-23<\/p>\n\n            <div><strong><a class='wpdm-download-link download-on-click btn btn-primary '  rel='nofollow' href='#' data-downloadurl=\"https:\/\/www.dinamicassd.it\/chieri\/download\/volantino-scuola-nuoto-ragazzi-stagione-2021-22\/?wpdmdl=50642&refresh=69eb8f0824b7d1777045256\">Download<\/a><\/strong><\/div>\n        <\/div>\n    <\/div>\n \n \n    <\/div>\n    <div class=\"panel-footer\"><span class=\"pull-right\">1622 downloads<\/span> - 1.52 MB<\/div>\n<\/div><\/div>\n<p>&nbsp;<\/p>\n<p>[\/et_pb_text][\/et_pb_column][et_pb_column type=&#8221;1_3&#8243; _builder_version=&#8221;4.16&#8243; custom_padding=&#8221;|||&#8221; global_colors_info=&#8221;{}&#8221; custom_padding__hover=&#8221;|||&#8221;][et_pb_sidebar area=&#8221;et_pb_widget_area_1&#8243; _builder_version=&#8221;4.23.4&#8243; _module_preset=&#8221;default&#8221; global_colors_info=&#8221;{}&#8221;][\/et_pb_sidebar][et_pb_sidebar area=&#8221;et_pb_widget_area_1&#8243; _builder_version=&#8221;4.16&#8243; _module_preset=&#8221;default&#8221; global_colors_info=&#8221;{}&#8221;][\/et_pb_sidebar][\/et_pb_column][\/et_pb_row][\/et_pb_section]<\/p>\n","protected":false},"excerpt":{"rendered":"<p>Il corso di nuoto adulti \u00e8 un ottimo modo per imparare a nuotare, perfezionarsi e mantenersi in forma. Gli allievi sono suddivisi a seconda del loro livello, in modo tale da garantire la possibilit\u00e0 di progredire in un gruppo omogeneo, mirando a soddisfare sia l&#8217;esigenza tecnica che quella ricreativa, cercando di trascorrere 50 minuti in [&hellip;]<\/p>\n","protected":false},"author":1,"featured_media":0,"parent":1537,"menu_order":2,"comment_status":"closed","ping_status":"closed","template":"","meta":{"_et_pb_use_builder":"on","_et_pb_old_content":"<p>Il corso di nuoto adulti \u00e8 un ottimo modo per imparare a nuotare, perfezionarsi e mantenersi in forma.<br> Gli allievi sono suddivisi a seconda del loro livello, in modo tale da garantire la possibilit\u00e0 di progredire in un gruppo omogeneo, mirando a soddisfare sia l'esigenza tecnica che quella ricreativa, cercando di trascorrere 50 minuti in totale serenit\u00e0 e allegria.<\/p><p>I corsi nuoto adulti sono aperti a tutti dai 13 ai 99 anni, non ci sono limiti d\u2019et\u00e0 per cominciare a nuotare! Il nuoto \u00e8 un\u2019attivit\u00e0 fisica ideale per tutti coloro che vogliono tenersi in forma senza rischi, infatti, il nuoto non ha nessuna controindicazione tranne le intolleranze al cloro (indispensabile per la sicurezza dei bagnanti) e patologie temporanee quali otite o malattie da raffreddamento.<\/p><p>Le persone che si iscrivono ad un corso di nuoto non hanno ovviamente tutte le stesse capacit\u00e0 per cui sono stati studiati diversi percorsi a partire\u00a0da che si avvicina all\u2019acqua per la prima volta prefiggendosi di arrivare al galleggiamento autonomo fino al perfezionamento stilistico dei quattro stili.\u00a0Durante il corso saranno svolte lezioni mirate al rilassamento corporeo, al controllo della respirazione e alla battuta di gambe.<\/p><p>Lo stesso corso sar\u00e0 adatto a chi galleggia prono e supino, a chi si sposta autonomamente in acqua alta e a chi immerge la testa in acqua, anche se non ha mai partecipato a un corso di nuoto o non ha nessuna nozione di tecnica. Attraverso questo corso migliorerai le tecniche di respirazione e perfezionerai la coordinazione con l'obiettivo di iniziare a destreggiarti con lo\u00a0<strong>stile libero<\/strong>, con il<strong>\u00a0dorso<\/strong>\u00a0e magari anche con la<strong>\u00a0rana.<\/strong><\/p><p>Per tutti coloro che gi\u00e0 conoscono almeno tre stili, che hanno una sufficiente capacit\u00e0 natatorie e che hanno gi\u00e0 partecipato a corsi nuoto in passato; si aprono le porte ad un livello intermedio che si prefigge di perfezionare tutti gli stili del nuoto e farti acquisire una discreta tecnica in tutti e quattro gli stili, lavorando con esercizi e ausili didattici specifici.<\/p><p>Raggiunto un buon livello di acquaticit\u00e0 e dimostrando di sapersi destreggiare nei diversi stili, si potr\u00e0 lavorare sul perfezionamento dei quattro stili, sviluppando resistenza e controllo delle andature per raggiungere un\u00a0<strong>alto livello di allenamento<\/strong>.<\/p><p>Tutte le fasi del corso di nuoto per adulti sono adatte per affinare doti, acquisire capacit\u00e0 ed allenare il corpo ma non sar\u00e0 mai messo in secondo piani uno degli obiettivi principali dell'attivit\u00e0 fisica che \u00e8 il benessere del corpo e il benessere della mente per cui il divertimento e la sconfitta dello stress saranno uno degli obiettivi principali.<\/p><p><a href=\"http:\/\/www.dinamicassd.it\/chieri\/wp-content\/uploads\/2017\/08\/SCUOLA-NUOTO-ADULTI-rev5-31-08-17.jpg\"><img class=\"aligncenter size-large wp-image-1965\" src=\"http:\/\/www.dinamicassd.it\/chieri\/wp-content\/uploads\/2017\/08\/SCUOLA-NUOTO-ADULTI-rev5-31-08-17-1024x723.jpg\" alt=\"Volantino Piscina di Susa Scuola Nuoto Adulti valido fino a giugno 2018\" width=\"1024\" height=\"723\"><\/a><\/p>","_et_gb_content_width":"","ngg_post_thumbnail":0,"footnotes":""},"class_list":["post-1859","page","type-page","status-publish","hentry"],"_links":{"self":[{"href":"https:\/\/www.dinamicassd.it\/chieri\/wp-json\/wp\/v2\/pages\/1859","targetHints":{"allow":["GET"]}}],"collection":[{"href":"https:\/\/www.dinamicassd.it\/chieri\/wp-json\/wp\/v2\/pages"}],"about":[{"href":"https:\/\/www.dinamicassd.it\/chieri\/wp-json\/wp\/v2\/types\/page"}],"author":[{"embeddable":true,"href":"https:\/\/www.dinamicassd.it\/chieri\/wp-json\/wp\/v2\/users\/1"}],"replies":[{"embeddable":true,"href":"https:\/\/www.dinamicassd.it\/chieri\/wp-json\/wp\/v2\/comments?post=1859"}],"version-history":[{"count":17,"href":"https:\/\/www.dinamicassd.it\/chieri\/wp-json\/wp\/v2\/pages\/1859\/revisions"}],"predecessor-version":[{"id":51360,"href":"https:\/\/www.dinamicassd.it\/chieri\/wp-json\/wp\/v2\/pages\/1859\/revisions\/51360"}],"up":[{"embeddable":true,"href":"https:\/\/www.dinamicassd.it\/chieri\/wp-json\/wp\/v2\/pages\/1537"}],"wp:attachment":[{"href":"https:\/\/www.dinamicassd.it\/chieri\/wp-json\/wp\/v2\/media?parent=1859"}],"curies":[{"name":"wp","href":"https:\/\/api.w.org\/{rel}","templated":true}]}}