{"id":1851,"date":"2017-08-27T15:50:13","date_gmt":"2017-08-27T13:50:13","guid":{"rendered":"http:\/\/www.dinamicassd.it\/chieri\/?page_id=1851"},"modified":"2025-10-03T16:49:24","modified_gmt":"2025-10-03T14:49:24","slug":"nuoto-libero","status":"publish","type":"page","link":"https:\/\/www.dinamicassd.it\/chieri\/scuola-nuoto\/nuoto-libero\/","title":{"rendered":"Nuoto libero"},"content":{"rendered":"<p>[et_pb_section fb_built=&#8221;1&#8243; fullwidth=&#8221;on&#8221; _builder_version=&#8221;3.0.69&#8243; global_module=&#8221;2169&#8243; global_colors_info=&#8221;{}&#8221;][et_pb_fullwidth_header title=&#8221;Nuoto Libero&#8221; subhead=&#8221;Attivit\u00e0 che si pu\u00f2 svolgere in qualsiasi orario e senza certificato medico&#8221; text_orientation=&#8221;center&#8221; content_max_width=&#8221;none&#8221; title_font_color=&#8221;#020472&#8243; subhead_font_color=&#8221;#ff2b23&#8243; _builder_version=&#8221;4.16&#8243; title_font=&#8221;Montserrat||||&#8221; title_text_color=&#8221;#020472&#8243; title_font_size=&#8221;60px&#8221; content_font_size=&#8221;23px&#8221; subhead_text_color=&#8221;#ff2b23&#8243; subhead_font_size=&#8221;30px&#8221; background_color=&#8221;rgba(232,232,232,0.73)&#8221; background_image=&#8221;https:\/\/www.dinamicassd.it\/chieri\/wp-content\/uploads\/2017\/08\/FondoAcquaTrasp.jpg&#8221; background_layout=&#8221;light&#8221; title_font_size_tablet=&#8221;30px&#8221; title_font_size_phone=&#8221;&#8221; title_font_size_last_edited=&#8221;on|desktop&#8221; content_font_size_tablet=&#8221;18px&#8221; content_font_size_phone=&#8221;&#8221; content_font_size_last_edited=&#8221;on|phone&#8221; subhead_font_size_tablet=&#8221;24px&#8221; subhead_font_size_phone=&#8221;18px&#8221; subhead_font_size_last_edited=&#8221;on|phone&#8221; button_one_letter_spacing_hover=&#8221;0&#8243; button_two_letter_spacing_hover=&#8221;0&#8243; global_colors_info=&#8221;{}&#8221; button_one_text_size__hover_enabled=&#8221;off&#8221; button_one_text_size__hover=&#8221;null&#8221; button_two_text_size__hover_enabled=&#8221;off&#8221; button_two_text_size__hover=&#8221;null&#8221; button_one_text_color__hover_enabled=&#8221;off&#8221; button_one_text_color__hover=&#8221;null&#8221; button_two_text_color__hover_enabled=&#8221;off&#8221; button_two_text_color__hover=&#8221;null&#8221; button_one_border_width__hover_enabled=&#8221;off&#8221; button_one_border_width__hover=&#8221;null&#8221; button_two_border_width__hover_enabled=&#8221;off&#8221; button_two_border_width__hover=&#8221;null&#8221; button_one_border_color__hover_enabled=&#8221;off&#8221; button_one_border_color__hover=&#8221;null&#8221; button_two_border_color__hover_enabled=&#8221;off&#8221; button_two_border_color__hover=&#8221;null&#8221; button_one_border_radius__hover_enabled=&#8221;off&#8221; button_one_border_radius__hover=&#8221;null&#8221; button_two_border_radius__hover_enabled=&#8221;off&#8221; button_two_border_radius__hover=&#8221;null&#8221; button_one_letter_spacing__hover_enabled=&#8221;on&#8221; button_one_letter_spacing__hover=&#8221;0&#8243; button_two_letter_spacing__hover_enabled=&#8221;on&#8221; button_two_letter_spacing__hover=&#8221;0&#8243; button_one_bg_color__hover_enabled=&#8221;off&#8221; button_one_bg_color__hover=&#8221;null&#8221; button_two_bg_color__hover_enabled=&#8221;off&#8221; button_two_bg_color__hover=&#8221;null&#8221;][\/et_pb_fullwidth_header][\/et_pb_section][et_pb_section fb_built=&#8221;1&#8243; disabled_on=&#8221;off|off|off&#8221; _builder_version=&#8221;3.0.74&#8243; min_height=&#8221;2927.5px&#8221; custom_margin=&#8221;||113px|||&#8221; global_module=&#8221;2170&#8243; global_colors_info=&#8221;{}&#8221;][et_pb_row column_structure=&#8221;2_3,1_3&#8243; _builder_version=&#8221;4.18.0&#8243; background_size=&#8221;initial&#8221; background_position=&#8221;top_left&#8221; background_repeat=&#8221;repeat&#8221; custom_padding=&#8221;||0px|||&#8221; global_colors_info=&#8221;{}&#8221;][et_pb_column type=&#8221;2_3&#8243; _builder_version=&#8221;4.16&#8243; custom_padding=&#8221;|||&#8221; global_colors_info=&#8221;{}&#8221; custom_padding__hover=&#8221;|||&#8221;][et_pb_text admin_label=&#8221;Testo&#8221; _builder_version=&#8221;4.16&#8243; background_color=&#8221;#fafafa&#8221; text_orientation=&#8221;justified&#8221; width=&#8221;100%&#8221; custom_padding=&#8221;10px|20px|10px|20px&#8221; border_width_all=&#8221;0px&#8221; border_color_all=&#8221;#000000&#8243; border_style_all=&#8221;solid&#8221; use_border_color=&#8221;on&#8221; border_color=&#8221;#000000&#8243; border_style=&#8221;solid&#8221; global_colors_info=&#8221;{}&#8221;]<\/p>\n<p>&nbsp;<\/p>\n<p>Il nuoto da tempo \u00e8 considerato uno&nbsp;<strong>sport completo<\/strong>, adatto ad ogni et\u00e0. E&#8217; un attivit\u00e0 che ci d\u00e0 la possibilit\u00e0 di allenare i muscoli senza sforzi eccessivi e che, oltretutto, rende pi\u00f9 elastica la colonna vertebrale,&nbsp;<strong>migliora la postura e&nbsp;<\/strong>apporta benefici per tutto il nostro organismo.<\/p>\n<p>Nuotare regolarmente pu\u00f2 offrire numerosi benefici per la nostra salute e per il nostro corpo. Come tutte le attivit\u00e0 fisiche, per abituare il corpo alla fatica, vanno praticate con una certa costanza ed una frequenza pari ad almeno due volte a settimana.<\/p>\n<p>Il nuoto&nbsp;consente&nbsp;al nostro corpo di mantenersi in&nbsp;<strong>allenamento costante<\/strong>&nbsp;senza un impatto eccessivo sull&#8217;apparato scheletrico. Quando ci troviamo immersi in acqua, il corpo \u00e8 molto pi\u00f9 leggero e i movimenti sono pi\u00f9 semplici. Il nuoto pu\u00f2 essere utile per chi ha problemi muscolari o alle articolazioni ed addirittura in diversi casi pu\u00f2 essere utilizzato per lenire alcune patologie.<\/p>\n<p>Molti anche i benefici per la forza e per il tono muscolare, con il nuoto effettuiamo degli esercizi di resistenza utili per il benessere della nostra muscolatura, inoltre il movimento continuo e non traumatico permette alle articolazioni e ai legamenti di mantenersi flessibili.<br \/> Considerando un&#8217;attivit\u00e0 fisica regolare nel nuoto, &nbsp;si pu\u00f2 mantenere sotto controllo il peso bruciando un buon numero di calorie. Il quantitativo esatto dipende dalla fisiologia di ciascuno e dall&#8217;intensit\u00e0 degli allenamenti, ma in generale in 10 minuti di nuoto si bruciano circa 60 calorie.<\/p>\n<p>Grande importanza risulta avere il nuoto per alcune patologie quali Asma, Allergie, Diabete. L&#8217;esercizio in piscina oltre all&#8217;ambiente controllato e molto salubre,&nbsp;potrebbe aiutare ad evitare gli&nbsp;<strong>attacchi d&#8217;asma<\/strong>&nbsp;durante l&#8217;attivit\u00e0 fisica in coloro che ne sono soggetti. Addirittura recenti studi evidenziano come il nuoto pu\u00f2 risultare molto benefico per i bambini che soffrono d&#8217;asma.<\/p>\n<p>Grazie all&#8217;<strong>esercizio aerobico<\/strong>, il nuoto pu\u00f2 essere d&#8217;aiuto per mantenere il colesterolo in equilibrio e per ridurre il rischio di&nbsp;<strong>diabete di tipo 2<\/strong>&nbsp;sia negli uomini che nelle donne. Ecco perch\u00e9 l&#8217;attivit\u00e0 fisica viene spesso consigliata ai pazienti pre-diabetici, anche nella speranza di una perdita di peso e di regolarizzazione del colesterolo.<\/p>\n<p>Oltre ai numerosi benefici, il nuoto potrebbe essere sconsigliato per alcune persone con la pelle particolarmente sensibile al cloro. In ogni caso, \u00e8 sempre bene consultare il proprio medico e sottoporsi ad una&nbsp;<strong>visita medica di controllo obbligatoria&nbsp;<\/strong>prima di iniziare a praticare qualsiasi attivit\u00e0 fisica, nuoto compreso.<\/p>\n<p>&nbsp;<\/p>\n<p>&nbsp;<\/p>\n<p>[\/et_pb_text][et_pb_image src=&#8221;http:\/\/www.dinamicassd.it\/chieri\/wp-content\/uploads\/2024\/01\/NUOTO-LIBERO-2023-2024-REV-2_page-0001.jpg&#8221; title_text=&#8221;NUOTO LIBERO 2023-2024 REV 2_page-0001&#8243; disabled_on=&#8221;off|off|off&#8221; _builder_version=&#8221;4.27.4&#8243; _module_preset=&#8221;default&#8221; width=&#8221;100%&#8221; custom_margin=&#8221;|-238px|83px|||&#8221; custom_padding=&#8221;|0px|3px|||&#8221; hover_enabled=&#8221;0&#8243; global_colors_info=&#8221;{}&#8221; sticky_enabled=&#8221;0&#8243;][\/et_pb_image][et_pb_text disabled_on=&#8221;on|on|on&#8221; _builder_version=&#8221;4.27.0&#8243; _module_preset=&#8221;default&#8221; disabled=&#8221;on&#8221; global_colors_info=&#8221;{}&#8221;]<\/p>\n<p><a href=\"http:\/\/www.dinamicassd.it\/chieri\/wp-content\/uploads\/2024\/01\/NUOTO-LIBERO-2023-2024-REV-2.pdf\" rel=\"attachment wp-att-51121\">NUOTO LIBERO 2023-2024 REV 2<\/a><div class='w3eden'><!-- WPDM Link Template: Default Template -->\n\n<div class=\"link-template-default card mb-2\">\n    <div class=\"card-body\">\n        <div class=\"media\">\n            <div class=\"mr-3 img-48\"><img decoding=\"async\" class=\"wpdm_icon\" alt=\"Icona\"   src=\"https:\/\/www.dinamicassd.it\/chieri\/wp-content\/plugins\/download-manager\/assets\/file-type-icons\/pdf.svg\" \/><\/div>\n            <div class=\"media-body\">\n                <h3 class=\"package-title\"><a href='https:\/\/www.dinamicassd.it\/chieri\/download\/volantino-2022-2023\/'>Volantino Nuoto Libero 2023-2024<\/a><\/h3>\n                <div class=\"text-muted text-small\"><i class=\"fas fa-copy\"><\/i> 1 file <i class=\"fas fa-hdd ml-3\"><\/i> 466.87 KB<\/div>\n            <\/div>\n            <div class=\"ml-3\">\n                <a class='wpdm-download-link download-on-click btn btn-primary '  rel='nofollow' href='#' data-downloadurl=\"https:\/\/www.dinamicassd.it\/chieri\/download\/volantino-2022-2023\/?wpdmdl=50948&refresh=69eb7bb6360591777040310\">Download<\/a>\n            <\/div>\n        <\/div>\n    <\/div>\n<\/div>\n\n<\/div><\/p>\n<p>[\/et_pb_text][\/et_pb_column][et_pb_column type=&#8221;1_3&#8243; _builder_version=&#8221;4.18.0&#8243; _module_preset=&#8221;default&#8221; global_colors_info=&#8221;{}&#8221;][\/et_pb_column][\/et_pb_row][\/et_pb_section]<\/p>\n","protected":false},"excerpt":{"rendered":"<p>&nbsp; Il nuoto da tempo \u00e8 considerato uno&nbsp;sport completo, adatto ad ogni et\u00e0. E&#8217; un attivit\u00e0 che ci d\u00e0 la possibilit\u00e0 di allenare i muscoli senza sforzi eccessivi e che, oltretutto, rende pi\u00f9 elastica la colonna vertebrale,&nbsp;migliora la postura e&nbsp;apporta benefici per tutto il nostro organismo. Nuotare regolarmente pu\u00f2 offrire numerosi benefici per la nostra [&hellip;]<\/p>\n","protected":false},"author":1,"featured_media":0,"parent":1537,"menu_order":0,"comment_status":"closed","ping_status":"closed","template":"","meta":{"_et_pb_use_builder":"on","_et_pb_old_content":"<p>Il nuoto da tempo \u00e8 considerato uno\u00a0<strong>sport completo<\/strong>, adatto ad ogni et\u00e0, \u00e8 un attivit\u00e0 che ci da la possibilit\u00e0 di allenare i muscoli senza sforzi eccessivi e che oltretutto rende pi\u00f9 elastica la colonna vertebrale\u00a0<strong>migliora la postura <\/strong>apportando benefici per tutto il nostro organismo.<\/p><p>Nuotare regolarmente pu\u00f2 offrire numerosi benefici per la nostra salute e per il nostro corpo. Come tutte le attivit\u00e0 fisiche vanno fatte con una certa frequenza per abituare il nostro corpo \u00a0alla fatica, si richiede una costanza nel tempo e una frequenza pari ad almeno<strong>\u00a01 o 2 volte alla settimana<\/strong>.<\/p><p>Il nuoto\u00a0consente\u00a0al nostro corpo di mantenersi in\u00a0<strong>allenamento costante<\/strong>\u00a0senza un impatto eccessivo sull'apparato scheletrico. Quando ci troviamo immersi in acqua, il nostro corpo \u00e8 molto pi\u00f9 leggero e i movimenti sono pi\u00f9 semplici. Il nuoto pu\u00f2 essere utile per chi ha problemi ai muscoli o alle articolazioni ed addirittura in diversi casi pu\u00f2 essere utilizzato per lenire alcune patologie.<\/p><p>Molti anche i benefici per la forza e per il tono muscolare, con il nuoto effettuiamo degli esercizi di resistenza utili per il benessere della nostra muscolatura, inoltre il movimento continuo e non traumatico permette alle articolazioni e ai legamenti di mantenersi flessibili<br \/> Considerando un attivit\u00e0 fisica regolare nel nuoto, \u00a0si pu\u00f2 mantenere sotto controllo il peso bruciando un buon numero di calorie. Il quantitativo esatto dipende dalla fisiologia di ciascuno e dall'intensit\u00e0 degli allenamenti, ma in generale in 10 minuti di nuoto si bruciano circa 60 calorie.<\/p><p>Grande importanza risulta essere il nuoto per alcune patologie quali Asma, Allergie, Diabete. L'esercizio in piscina oltre all'ambiente controllato e molto salubre,\u00a0potrebbe aiutare ad evitare gli\u00a0<strong>attacchi d'asma<\/strong>\u00a0durante l'attivit\u00e0 fisica in coloro che ne sono soggetti, addirittura da recenti studi evidenziano come il nuoto pu\u00f2 risultare molto benefico per i bambini che soffrono d'arma.\u00a0\u00a0<\/p><p>Grazie all'<strong>esercizio aerobico<\/strong>, il nuoto pu\u00f2 essere d'aiuto per mantenere il colesterolo in equilibrio e \u00a0sempre il nuoto, aiuta a ridurre il rischio di\u00a0<strong>diabete di tipo 2<\/strong>\u00a0sia negli uomini che nelle donne. Ecco perch\u00e9 l'attivit\u00e0 fisica viene spesso consigliata ai pazienti pre-diabetici, anche nella speranza di una perdita di peso e di regolare il colesterolo.<\/p><p>Per la verit\u00e0 esistono anche delle controindicazioni al nuoto, oltre ai numerosi benefici, per alcune persone dalla pelle particolarmente sensibile potrebbe essere sconsigliato nuotare in piscina per via del\u00a0<strong>cloro<\/strong>. Le donne in\u00a0<strong>gravidanza<\/strong>\u00a0dovrebbero praticare il nuoto con moderazione e dedicarsi ad altre attivit\u00e0 sempre in piscina. Attenzione anche a chi ha di problemi di\u00a0<strong>otite<\/strong>. In ogni caso, \u00e8 sempre bene consultare il proprio medico e sottoporsi ad una\u00a0<strong>visita medica di controllo obbligatoria\u00a0<\/strong>prima di iniziare a praticare qualsiasi attivit\u00e0 fisica, nuoto compreso.<\/p><p><a href=\"http:\/\/www.dinamicassd.it\/chieri\/wp-content\/uploads\/2017\/08\/NUOTO-LIBERO-SAUNA-rev4-31-08-17.jpg\" target=\"_blank\" rel=\"noopener\"><img class=\"aligncenter wp-image-1958 size-large\" src=\"http:\/\/www.dinamicassd.it\/chieri\/wp-content\/uploads\/2017\/08\/NUOTO-LIBERO-SAUNA-rev4-31-08-17-1024x723.jpg\" alt=\"Volantino Nuoto Libero e Sauna Piscina di Susa valido fino a Giugno 2018\" width=\"1024\" height=\"723\" \/><\/a><\/p>","_et_gb_content_width":"","ngg_post_thumbnail":0,"footnotes":""},"class_list":["post-1851","page","type-page","status-publish","hentry"],"_links":{"self":[{"href":"https:\/\/www.dinamicassd.it\/chieri\/wp-json\/wp\/v2\/pages\/1851","targetHints":{"allow":["GET"]}}],"collection":[{"href":"https:\/\/www.dinamicassd.it\/chieri\/wp-json\/wp\/v2\/pages"}],"about":[{"href":"https:\/\/www.dinamicassd.it\/chieri\/wp-json\/wp\/v2\/types\/page"}],"author":[{"embeddable":true,"href":"https:\/\/www.dinamicassd.it\/chieri\/wp-json\/wp\/v2\/users\/1"}],"replies":[{"embeddable":true,"href":"https:\/\/www.dinamicassd.it\/chieri\/wp-json\/wp\/v2\/comments?post=1851"}],"version-history":[{"count":20,"href":"https:\/\/www.dinamicassd.it\/chieri\/wp-json\/wp\/v2\/pages\/1851\/revisions"}],"predecessor-version":[{"id":51400,"href":"https:\/\/www.dinamicassd.it\/chieri\/wp-json\/wp\/v2\/pages\/1851\/revisions\/51400"}],"up":[{"embeddable":true,"href":"https:\/\/www.dinamicassd.it\/chieri\/wp-json\/wp\/v2\/pages\/1537"}],"wp:attachment":[{"href":"https:\/\/www.dinamicassd.it\/chieri\/wp-json\/wp\/v2\/media?parent=1851"}],"curies":[{"name":"wp","href":"https:\/\/api.w.org\/{rel}","templated":true}]}}