{"id":6349,"date":"2023-08-11T21:19:58","date_gmt":"2023-08-11T19:19:58","guid":{"rendered":"https:\/\/www.dinamicassd.it\/agonistica\/?post_type=product&#038;p=6349"},"modified":"2025-09-01T17:20:42","modified_gmt":"2025-09-01T15:20:42","slug":"t-shirt-arena-junior-red","status":"publish","type":"product","link":"https:\/\/www.dinamicassd.it\/agonistica\/product\/t-shirt-arena-junior-red\/","title":{"rendered":"T-SHIRT ARENA JUNIOR RED"},"content":{"rendered":"<p>Realizzata in jersey di cotone leggero, questa T-Shirt della nostra collezione Team Line per i giovani atleti ha un design classico e sportivo. La vestibilit\u00e0 \u00e8 regolare ed \u00e8 perfetta sia per le ragazze che per i ragazzi. Abbiamo inserito delle cuciture a contrasto che regalano alla T-Shirt quel tocco in pi\u00f9.<\/p>\n","protected":false},"excerpt":{"rendered":"<p>100% cotone Unisex Colore:<strong>Rosso<\/strong><\/p>\n","protected":false},"featured_media":6357,"template":"","meta":{"_et_pb_use_builder":"","_et_pb_old_content":"","_et_gb_content_width":"","ngg_post_thumbnail":0},"product_brand":[],"product_cat":[104],"product_tag":[],"class_list":{"0":"post-6349","1":"product","2":"type-product","3":"status-publish","4":"has-post-thumbnail","6":"product_cat-abbigliamento","8":"first","9":"instock","10":"sale","11":"taxable","12":"shipping-taxable","13":"product-type-variable"},"jetpack_sharing_enabled":true,"_links":{"self":[{"href":"https:\/\/www.dinamicassd.it\/agonistica\/wp-json\/wp\/v2\/product\/6349","targetHints":{"allow":["GET"]}}],"collection":[{"href":"https:\/\/www.dinamicassd.it\/agonistica\/wp-json\/wp\/v2\/product"}],"about":[{"href":"https:\/\/www.dinamicassd.it\/agonistica\/wp-json\/wp\/v2\/types\/product"}],"wp:featuredmedia":[{"embeddable":true,"href":"https:\/\/www.dinamicassd.it\/agonistica\/wp-json\/wp\/v2\/media\/6357"}],"wp:attachment":[{"href":"https:\/\/www.dinamicassd.it\/agonistica\/wp-json\/wp\/v2\/media?parent=6349"}],"wp:term":[{"taxonomy":"product_brand","embeddable":true,"href":"https:\/\/www.dinamicassd.it\/agonistica\/wp-json\/wp\/v2\/product_brand?post=6349"},{"taxonomy":"product_cat","embeddable":true,"href":"https:\/\/www.dinamicassd.it\/agonistica\/wp-json\/wp\/v2\/product_cat?post=6349"},{"taxonomy":"product_tag","embeddable":true,"href":"https:\/\/www.dinamicassd.it\/agonistica\/wp-json\/wp\/v2\/product_tag?post=6349"}],"curies":[{"name":"wp","href":"https:\/\/api.w.org\/{rel}","templated":true}]}}