{"id":10968,"date":"2023-08-13T18:06:13","date_gmt":"2023-08-13T16:06:13","guid":{"rendered":"https:\/\/www.dinamicassd.it\/agonistica\/?post_type=product&#038;p=10968"},"modified":"2023-10-26T12:50:47","modified_gmt":"2023-10-26T10:50:47","slug":"cuffia-silicone-arena-red","status":"publish","type":"product","link":"https:\/\/www.dinamicassd.it\/agonistica\/product\/cuffia-silicone-arena-red\/","title":{"rendered":"CUFFIA SILICONE ARENA RED"},"content":{"rendered":"<p>La nostra cuffia in silicone \u00e8 ora prodotta con il 40% di silicone riciclato ed \u00e8 parte del nostro impegno verso una produzione pi\u00f9 responsabile. Questo accessorio \u00e8 testato dagli atleti, migliora lo scivolamento, protegge i capelli e pu\u00f2 resistere ad ore ed ore in acqua clorata. Un must-have per il kit di ogni nuotatore.<\/p>\n","protected":false},"excerpt":{"rendered":"<p>Silicone senza PVC&nbsp;Nuoto intensivo&nbsp;Unisex<\/p>\n","protected":false},"featured_media":10971,"template":"","meta":{"_et_pb_use_builder":"","_et_pb_old_content":"","_et_gb_content_width":"","ngg_post_thumbnail":0},"product_brand":[],"product_cat":[105],"product_tag":[],"class_list":{"0":"post-10968","1":"product","2":"type-product","3":"status-publish","4":"has-post-thumbnail","6":"product_cat-accessori","8":"first","9":"instock","10":"sale","11":"taxable","12":"shipping-taxable","13":"product-type-simple"},"jetpack_sharing_enabled":true,"_links":{"self":[{"href":"https:\/\/www.dinamicassd.it\/agonistica\/wp-json\/wp\/v2\/product\/10968","targetHints":{"allow":["GET"]}}],"collection":[{"href":"https:\/\/www.dinamicassd.it\/agonistica\/wp-json\/wp\/v2\/product"}],"about":[{"href":"https:\/\/www.dinamicassd.it\/agonistica\/wp-json\/wp\/v2\/types\/product"}],"wp:featuredmedia":[{"embeddable":true,"href":"https:\/\/www.dinamicassd.it\/agonistica\/wp-json\/wp\/v2\/media\/10971"}],"wp:attachment":[{"href":"https:\/\/www.dinamicassd.it\/agonistica\/wp-json\/wp\/v2\/media?parent=10968"}],"wp:term":[{"taxonomy":"product_brand","embeddable":true,"href":"https:\/\/www.dinamicassd.it\/agonistica\/wp-json\/wp\/v2\/product_brand?post=10968"},{"taxonomy":"product_cat","embeddable":true,"href":"https:\/\/www.dinamicassd.it\/agonistica\/wp-json\/wp\/v2\/product_cat?post=10968"},{"taxonomy":"product_tag","embeddable":true,"href":"https:\/\/www.dinamicassd.it\/agonistica\/wp-json\/wp\/v2\/product_tag?post=10968"}],"curies":[{"name":"wp","href":"https:\/\/api.w.org\/{rel}","templated":true}]}}