{"id":10863,"date":"2023-08-12T09:49:45","date_gmt":"2023-08-12T07:49:45","guid":{"rendered":"https:\/\/www.dinamicassd.it\/agonistica\/?post_type=product&#038;p=10863"},"modified":"2025-09-01T17:02:38","modified_gmt":"2025-09-01T15:02:38","slug":"boccaglio-con-valvola","status":"publish","type":"product","link":"https:\/\/www.dinamicassd.it\/agonistica\/product\/boccaglio-con-valvola\/","title":{"rendered":"BOCCAGLIO CON VALVOLA"},"content":{"rendered":"<p>Allenarsi con uno snorkel \u00e8 l&#8217;aiuto perfetto per concentrarsi sulla corretta posizione da assumere in acqua e migliorare l&#8217;efficienza delle bracciate. Il respiratore modello Swim Snorkel III di Arena vi consente di respirare ininterrottamente sott&#8217;acqua senza sollevare o ruotare il capo. \u00c8 dotato di una valvola di scarico a una via che vi evita di inalare acqua e ci\u00f2 lo rende un respiratore ideale per i principianti. Si indossa anteriormente e pu\u00f2 essere ruotato, cos\u00ec potete parlare agevolmente con il vostro istruttore durante le esercitazioni. Rifinito con un nuovo cinturino regolabile e un pratico gancio.<\/p>\n","protected":false},"excerpt":{"rendered":"<p>SWIM SNORKEL III Montatura frontale <strong>Colore:Nero<\/strong><\/p>\n","protected":false},"featured_media":10867,"template":"","meta":{"_et_pb_use_builder":"","_et_pb_old_content":"","_et_gb_content_width":"","ngg_post_thumbnail":0},"product_brand":[],"product_cat":[105],"product_tag":[],"class_list":{"0":"post-10863","1":"product","2":"type-product","3":"status-publish","4":"has-post-thumbnail","6":"product_cat-accessori","8":"first","9":"instock","10":"sale","11":"taxable","12":"shipping-taxable","13":"product-type-simple"},"jetpack_sharing_enabled":true,"_links":{"self":[{"href":"https:\/\/www.dinamicassd.it\/agonistica\/wp-json\/wp\/v2\/product\/10863","targetHints":{"allow":["GET"]}}],"collection":[{"href":"https:\/\/www.dinamicassd.it\/agonistica\/wp-json\/wp\/v2\/product"}],"about":[{"href":"https:\/\/www.dinamicassd.it\/agonistica\/wp-json\/wp\/v2\/types\/product"}],"wp:featuredmedia":[{"embeddable":true,"href":"https:\/\/www.dinamicassd.it\/agonistica\/wp-json\/wp\/v2\/media\/10867"}],"wp:attachment":[{"href":"https:\/\/www.dinamicassd.it\/agonistica\/wp-json\/wp\/v2\/media?parent=10863"}],"wp:term":[{"taxonomy":"product_brand","embeddable":true,"href":"https:\/\/www.dinamicassd.it\/agonistica\/wp-json\/wp\/v2\/product_brand?post=10863"},{"taxonomy":"product_cat","embeddable":true,"href":"https:\/\/www.dinamicassd.it\/agonistica\/wp-json\/wp\/v2\/product_cat?post=10863"},{"taxonomy":"product_tag","embeddable":true,"href":"https:\/\/www.dinamicassd.it\/agonistica\/wp-json\/wp\/v2\/product_tag?post=10863"}],"curies":[{"name":"wp","href":"https:\/\/api.w.org\/{rel}","templated":true}]}}