{"id":10845,"date":"2023-08-12T09:31:14","date_gmt":"2023-08-12T07:31:14","guid":{"rendered":"https:\/\/www.dinamicassd.it\/agonistica\/?post_type=product&#038;p=10845"},"modified":"2025-09-01T17:07:30","modified_gmt":"2025-09-01T15:07:30","slug":"zaino-arena-red-grande","status":"publish","type":"product","link":"https:\/\/www.dinamicassd.it\/agonistica\/product\/zaino-arena-red-grande\/","title":{"rendered":"ZAINO ARENA RED GRANDE"},"content":{"rendered":"<p>Il nostro \u00e8 uno zaino versatile creato per atleti e nuotatori competitivi con molto spazio per attrezzatura, vestiti e accessori. Con il suo design ad apertura dall&#8217;alto, puoi accedere e organizzare facilmente i tuoi oggetti. Ha anche uno scomparto speciale per l&#8217;attrezzatura bagnata o le scarpe e una custodia interna rimovibile. Questo zaino \u00e8 realizzato con un tessuto resistente ed \u00e8 disponibile in una ampia gamma di colori con dettagli minimalisti. Stampato con il nostro marchio in caratteri grandi.<br \/>\nQuesto zaino ha una capacit\u00e0 di 45 litri e misura 52 x 35 x 27 cm. Gli scomparti sono ventilati per mantenere l&#8217;umidit\u00e0 sotto controllo. La sezione principale \u00e8 abbastanza grande per adattarsi a tutti i tuoi accessori per l&#8217;allenamento. \u00c8 dotato di una custodia interna per laptop o tablet e di uno scomparto in rete per calzature o ulteriore attrezzatura. Conserva la bottiglia d&#8217;acqua e gli altri accessori nelle pratiche tasche. Rifinito con un pannello posteriore imbottito e traspirante per il trasporto senza fatica.<\/p>\n","protected":false},"excerpt":{"rendered":"<p>Interno spazioso Schienale imbottito Caricamento dall&#8217;alto <strong>Colore:Rosso<\/strong><\/p>\n","protected":false},"featured_media":10849,"template":"","meta":{"_et_pb_use_builder":"","_et_pb_old_content":"","_et_gb_content_width":"","ngg_post_thumbnail":0},"product_brand":[],"product_cat":[105],"product_tag":[],"class_list":{"0":"post-10845","1":"product","2":"type-product","3":"status-publish","4":"has-post-thumbnail","6":"product_cat-accessori","8":"first","9":"instock","10":"sale","11":"taxable","12":"shipping-taxable","13":"product-type-simple"},"jetpack_sharing_enabled":true,"_links":{"self":[{"href":"https:\/\/www.dinamicassd.it\/agonistica\/wp-json\/wp\/v2\/product\/10845","targetHints":{"allow":["GET"]}}],"collection":[{"href":"https:\/\/www.dinamicassd.it\/agonistica\/wp-json\/wp\/v2\/product"}],"about":[{"href":"https:\/\/www.dinamicassd.it\/agonistica\/wp-json\/wp\/v2\/types\/product"}],"wp:featuredmedia":[{"embeddable":true,"href":"https:\/\/www.dinamicassd.it\/agonistica\/wp-json\/wp\/v2\/media\/10849"}],"wp:attachment":[{"href":"https:\/\/www.dinamicassd.it\/agonistica\/wp-json\/wp\/v2\/media?parent=10845"}],"wp:term":[{"taxonomy":"product_brand","embeddable":true,"href":"https:\/\/www.dinamicassd.it\/agonistica\/wp-json\/wp\/v2\/product_brand?post=10845"},{"taxonomy":"product_cat","embeddable":true,"href":"https:\/\/www.dinamicassd.it\/agonistica\/wp-json\/wp\/v2\/product_cat?post=10845"},{"taxonomy":"product_tag","embeddable":true,"href":"https:\/\/www.dinamicassd.it\/agonistica\/wp-json\/wp\/v2\/product_tag?post=10845"}],"curies":[{"name":"wp","href":"https:\/\/api.w.org\/{rel}","templated":true}]}}