{"id":10832,"date":"2023-08-12T09:12:34","date_gmt":"2023-08-12T07:12:34","guid":{"rendered":"https:\/\/www.dinamicassd.it\/agonistica\/?post_type=product&#038;p=10832"},"modified":"2025-09-01T17:09:46","modified_gmt":"2025-09-01T15:09:46","slug":"costume-bambino-nuoto-arena-red","status":"publish","type":"product","link":"https:\/\/www.dinamicassd.it\/agonistica\/product\/costume-bambino-nuoto-arena-red\/","title":{"rendered":"COSTUME BAMBINO NUOTO ARENA RED"},"content":{"rendered":"<p>Dal dorso alla farfalla, dal delfino allo stile libero, qualsiasi sia il tuo stile i nostri slip Team ti consentiranno di dare il meglio di te. Questi modello da bambino \u00e8 un classico design minimal che assicura la massima libert\u00e0 di movimento e una vestibilit\u00e0 perfetta grazie al comodo laccetto interno regolabile. Realizzati con un fantastico tessuto con il 50% di fibre riciclate e super resistente al cloro, i nostri slip accompagneranno il tuo bambino in ogni suo movimento.<\/p>\n<p><b>Tessuto<\/b><br \/>\nCon almeno il 50% di poliestere riciclato, MaxLife Eco \u00e8 il nostro esclusivo tessuto realizzato a partire da fonti gestite responsabilmente. Sottoposto a oltre 200 ore di test, questo tessuto offre la massima resistenza al cloro assicurandoti che il costume da bagno durer\u00e0 a lungo. Si asciuga rapidamente e integra una protezione UV per un comfort e una copertura maggiore.<\/p>\n","protected":false},"excerpt":{"rendered":"<p>Nuoto intensivo Libert\u00e0 di movimento Vestibilit\u00e0 perfetta <strong>Colore:Rosso<\/strong><\/p>\n","protected":false},"featured_media":10841,"template":"","meta":{"_et_pb_use_builder":"","_et_pb_old_content":"","_et_gb_content_width":"","ngg_post_thumbnail":0},"product_brand":[],"product_cat":[85],"product_tag":[],"class_list":{"0":"post-10832","1":"product","2":"type-product","3":"status-publish","4":"has-post-thumbnail","6":"product_cat-costumi","8":"first","9":"instock","10":"sale","11":"taxable","12":"shipping-taxable","13":"product-type-variable"},"jetpack_sharing_enabled":true,"_links":{"self":[{"href":"https:\/\/www.dinamicassd.it\/agonistica\/wp-json\/wp\/v2\/product\/10832","targetHints":{"allow":["GET"]}}],"collection":[{"href":"https:\/\/www.dinamicassd.it\/agonistica\/wp-json\/wp\/v2\/product"}],"about":[{"href":"https:\/\/www.dinamicassd.it\/agonistica\/wp-json\/wp\/v2\/types\/product"}],"wp:featuredmedia":[{"embeddable":true,"href":"https:\/\/www.dinamicassd.it\/agonistica\/wp-json\/wp\/v2\/media\/10841"}],"wp:attachment":[{"href":"https:\/\/www.dinamicassd.it\/agonistica\/wp-json\/wp\/v2\/media?parent=10832"}],"wp:term":[{"taxonomy":"product_brand","embeddable":true,"href":"https:\/\/www.dinamicassd.it\/agonistica\/wp-json\/wp\/v2\/product_brand?post=10832"},{"taxonomy":"product_cat","embeddable":true,"href":"https:\/\/www.dinamicassd.it\/agonistica\/wp-json\/wp\/v2\/product_cat?post=10832"},{"taxonomy":"product_tag","embeddable":true,"href":"https:\/\/www.dinamicassd.it\/agonistica\/wp-json\/wp\/v2\/product_tag?post=10832"}],"curies":[{"name":"wp","href":"https:\/\/api.w.org\/{rel}","templated":true}]}}