{"id":10822,"date":"2023-08-12T09:07:30","date_gmt":"2023-08-12T07:07:30","guid":{"rendered":"https:\/\/www.dinamicassd.it\/agonistica\/?post_type=product&#038;p=10822"},"modified":"2025-09-01T17:11:04","modified_gmt":"2025-09-01T15:11:04","slug":"costume-bambina-nuoto-arena-red","status":"publish","type":"product","link":"https:\/\/www.dinamicassd.it\/agonistica\/product\/costume-bambina-nuoto-arena-red\/","title":{"rendered":"COSTUME BAMBINA NUOTO ARENA RED"},"content":{"rendered":"<p>I nuotatori e le federazioni di nuoto si affidano a noi per realizzare le uniformi e i kit ufficiali delle squadre. Mettiamo la stessa cura ed esperienza nel realizzare costumi di alta qualit\u00e0 per nuotatori di ogni et\u00e0 e livello. Progettato con un tessuto super resistente, indossando il nostro costume intero Team Swim tech la tua piccola campionessa si sentir\u00e0 una vera atleta professionista. Il design a pannelli \u00e8 caratterizzato da una pratica apertura posteriore e una vestibilit\u00e0 racer. Rifinito con la scritta arena di colore bianco, questo modello \u00e8 disponibile in diverse varianti colore.<\/p>\n<p><b>Tessuto<\/b><br \/>\nCon almeno il 50% di poliestere riciclato, MaxLife Eco \u00e8 il nostro esclusivo tessuto realizzato a partire da fonti gestite responsabilmente. Sottoposto a oltre 200 ore di test, questo tessuto offre la massima resistenza al cloro assicurandoti che il costume da bagno durer\u00e0 a lungo. Si asciuga rapidamente e integra una protezione UV per un comfort e una copertura maggiore.<\/p>\n","protected":false},"excerpt":{"rendered":"<p>Nuoto intensivo Vestibilit\u00e0 Swim tech Sgambatura media <strong>Colore:Rosso<\/strong><\/p>\n","protected":false},"featured_media":10831,"template":"","meta":{"_et_pb_use_builder":"","_et_pb_old_content":"","_et_gb_content_width":"","ngg_post_thumbnail":0},"product_brand":[],"product_cat":[85],"product_tag":[],"class_list":{"0":"post-10822","1":"product","2":"type-product","3":"status-publish","4":"has-post-thumbnail","6":"product_cat-costumi","8":"first","9":"instock","10":"sale","11":"taxable","12":"shipping-taxable","13":"product-type-variable"},"jetpack_sharing_enabled":true,"_links":{"self":[{"href":"https:\/\/www.dinamicassd.it\/agonistica\/wp-json\/wp\/v2\/product\/10822","targetHints":{"allow":["GET"]}}],"collection":[{"href":"https:\/\/www.dinamicassd.it\/agonistica\/wp-json\/wp\/v2\/product"}],"about":[{"href":"https:\/\/www.dinamicassd.it\/agonistica\/wp-json\/wp\/v2\/types\/product"}],"wp:featuredmedia":[{"embeddable":true,"href":"https:\/\/www.dinamicassd.it\/agonistica\/wp-json\/wp\/v2\/media\/10831"}],"wp:attachment":[{"href":"https:\/\/www.dinamicassd.it\/agonistica\/wp-json\/wp\/v2\/media?parent=10822"}],"wp:term":[{"taxonomy":"product_brand","embeddable":true,"href":"https:\/\/www.dinamicassd.it\/agonistica\/wp-json\/wp\/v2\/product_brand?post=10822"},{"taxonomy":"product_cat","embeddable":true,"href":"https:\/\/www.dinamicassd.it\/agonistica\/wp-json\/wp\/v2\/product_cat?post=10822"},{"taxonomy":"product_tag","embeddable":true,"href":"https:\/\/www.dinamicassd.it\/agonistica\/wp-json\/wp\/v2\/product_tag?post=10822"}],"curies":[{"name":"wp","href":"https:\/\/api.w.org\/{rel}","templated":true}]}}